{"id":1016,"date":"2019-10-09T20:39:56","date_gmt":"2019-10-09T20:39:56","guid":{"rendered":"http:\/\/www.lammharburg.de\/?page_id=1016"},"modified":"2020-08-29T13:34:37","modified_gmt":"2020-08-29T13:34:37","slug":"freizeitangebot","status":"publish","type":"page","link":"https:\/\/lamm-harburg.de\/de\/freizeitangebot\/","title":{"rendered":"Freizeitangebot"},"content":{"rendered":"\n<div class=\"wp-block-media-text alignfull\" style=\"grid-template-columns:57% auto\"><figure class=\"wp-block-media-text__media\"><img decoding=\"async\" width=\"1024\" height=\"680\" src=\"http:\/\/www.lammharburg.de\/wp-content\/uploads\/2019\/08\/DSC_0292-1024x680.jpg\" alt=\"\" class=\"wp-image-648\" srcset=\"https:\/\/lamm-harburg.de\/wp-content\/uploads\/2019\/08\/DSC_0292-1024x680.jpg 1024w, https:\/\/lamm-harburg.de\/wp-content\/uploads\/2019\/08\/DSC_0292-300x199.jpg 300w, https:\/\/lamm-harburg.de\/wp-content\/uploads\/2019\/08\/DSC_0292-768x510.jpg 768w, https:\/\/lamm-harburg.de\/wp-content\/uploads\/2019\/08\/DSC_0292-892x592.jpg 892w, https:\/\/lamm-harburg.de\/wp-content\/uploads\/2019\/08\/DSC_0292-150x100.jpg 150w, https:\/\/lamm-harburg.de\/wp-content\/uploads\/2019\/08\/DSC_0292.jpg 2048w\" sizes=\"(max-width: 1024px) 100vw, 1024px\" \/><\/figure><div class=\"wp-block-media-text__content\">\n<h2>Boots-Verleih<\/h2>\n\n\n\n<p>Direkt vor unserem Haus haben Sie die M\u00f6glichkeit, 3-Personen-Kanadier zu leihen und auf der W\u00f6rnitz zu paddeln.<br>Genie\u00dfen Sie ein paar sch\u00f6ne Momente &#8222;auf offener See&#8220;!<\/p>\n\n\n\n<p>Preis: 5,00 \u20ac pro Stunde<\/p>\n<\/div><\/div>\n\n\n\n<hr class=\"wp-block-separator\"\/>\n\n\n\n<div class=\"wp-block-media-text alignfull has-media-on-the-right\" style=\"grid-template-columns:auto 60%\"><figure class=\"wp-block-media-text__media\"><img decoding=\"async\" width=\"1024\" height=\"683\" src=\"http:\/\/www.lammharburg.de\/wp-content\/uploads\/2019\/08\/sup-3636153_1920-1024x683.jpg\" alt=\"\" class=\"wp-image-645\" srcset=\"https:\/\/lamm-harburg.de\/wp-content\/uploads\/2019\/08\/sup-3636153_1920-1024x683.jpg 1024w, https:\/\/lamm-harburg.de\/wp-content\/uploads\/2019\/08\/sup-3636153_1920-300x200.jpg 300w, https:\/\/lamm-harburg.de\/wp-content\/uploads\/2019\/08\/sup-3636153_1920-768x512.jpg 768w, https:\/\/lamm-harburg.de\/wp-content\/uploads\/2019\/08\/sup-3636153_1920-892x594.jpg 892w, https:\/\/lamm-harburg.de\/wp-content\/uploads\/2019\/08\/sup-3636153_1920-150x100.jpg 150w, https:\/\/lamm-harburg.de\/wp-content\/uploads\/2019\/08\/sup-3636153_1920.jpg 1920w\" sizes=\"(max-width: 1024px) 100vw, 1024px\" \/><\/figure><div class=\"wp-block-media-text__content\">\n<h2>NEU! Sup-Verleih<\/h2>\n\n\n\n<p>Ebenfalls bieten wir Ihnen seit neuem ein Stand-Up-Paddle an mit dem Sie auf der W\u00f6rnitz paddeln oder einfach mal in Ruhe das Wasser genie\u00dfen k\u00f6nnen.<\/p>\n\n\n\n<p>Preis: 7,00 \u20ac pro Stunde<\/p>\n<\/div><\/div>\n\n\n\n<hr class=\"wp-block-separator\"\/>\n\n\n\n<div class=\"wp-block-media-text alignfull\" style=\"grid-template-columns:51% auto\"><figure class=\"wp-block-media-text__media\"><img decoding=\"async\" src=\"http:\/\/www.lammharburg.de\/wp-content\/uploads\/2019\/10\/angeln-1024x684.jpg\" alt=\"\" class=\"wp-image-1173\"\/><\/figure><div class=\"wp-block-media-text__content\">\n<h2>Fischen<\/h2>\n\n\n\n<p>Die W\u00f6rnitz verf\u00fcgt mit ihren verschiedenen Lebensr\u00e4umen \u00fcber ein reichhaltiges Fischvorkommen.<br>Hierzu geh\u00f6ren Waller, Hechte, Zander, Aale, Karpfen, Schleie und vieles mehr.<br>Beim Harburger Fischerteam finden Sie hierzu weitere Informationen. <\/p>\n<\/div><\/div>\n\n\n\n<hr class=\"wp-block-separator\"\/>\n\n\n\n<div class=\"wp-block-media-text alignfull has-media-on-the-right\" style=\"grid-template-columns:auto 39%\"><figure class=\"wp-block-media-text__media\"><img decoding=\"async\" src=\"http:\/\/www.lammharburg.de\/wp-content\/uploads\/2019\/10\/bicycle-bicycling-bike-2883462-e1570732479691-999x1024.jpg\" alt=\"\" class=\"wp-image-1031\"\/><\/figure><div class=\"wp-block-media-text__content\">\n<h2>Wandern &amp; Rad<\/h2>\n\n\n\n<p>Aufgrund der zentralen Lage Harburgs bietet sich unser Haus ideal als Rastpunkt wie Ausgangsstation bzw. &#8222;Basiscamp&#8220; f\u00fcr eine Wander- oder Radtour durch die Region an.<br>Ob auf dem <a rel=\"noreferrer noopener\" href=\"http:\/\/www.frankenweg.de\" target=\"_blank\">Frankenweg<\/a>, der <a rel=\"noreferrer noopener\" href=\"http:\/\/www.romantischestrasse.de\" target=\"_blank\">Romantischen Stra\u00dfe<\/a>, durch das <a rel=\"noreferrer noopener\" href=\"http:\/\/www.ferienland-donau-ries.de\" target=\"_blank\">Donau-Ries mit seinem Geopark<\/a> oder \u00fcber die <a rel=\"noreferrer noopener\" href=\"http:\/\/www.monheimer-alb.de\" target=\"_blank\">Monheimer Alb<\/a>; ob nach <a rel=\"noreferrer noopener\" href=\"http:\/\/www.donauwoerth.de\" target=\"_blank\">Donauw\u00f6rth<\/a>, <a rel=\"noreferrer noopener\" href=\"http:\/\/www.noerdlingen.de\" target=\"_blank\">N\u00f6rdlingen<\/a>, <a rel=\"noreferrer noopener\" href=\"http:\/\/www.wemding.de\" target=\"_blank\">Wemding<\/a> oder in die <a rel=\"noreferrer noopener\" href=\"http:\/\/www.oettingen.de\" target=\"_blank\">Residenzstadt Oettingen<\/a>:<br>Vom Naturerlebnis bis hin zu sagenhaften und bezaubernden St\u00e4dten ist sicher f\u00fcr jeden etwas dabei&#8230;<\/p>\n\n\n\n<p>Nutzen Sie bei uns auch den kostenlosen Fahrradkeller (absperrbar).<\/p>\n\n\n\n<div class=\"wp-block-button\"><a class=\"wp-block-button__link\" href=\"https:\/\/www.komoot.de\/guide\/29931\/wandern-rund-um-harburg-schwaben\">Wander- und Radrouten bei Komoot Finden<\/a><\/div>\n<\/div><\/div>\n\n\n\n<hr class=\"wp-block-separator\"\/>\n\n\n\n<div class=\"wp-block-media-text alignfull\" style=\"grid-template-columns:55% auto\"><figure class=\"wp-block-media-text__media\"><img decoding=\"async\" width=\"1024\" height=\"683\" src=\"http:\/\/www.lammharburg.de\/wp-content\/uploads\/2019\/10\/Karte-1024x683.jpg\" alt=\"\" class=\"wp-image-1039\" srcset=\"https:\/\/lamm-harburg.de\/wp-content\/uploads\/2019\/10\/Karte-1024x683.jpg 1024w, https:\/\/lamm-harburg.de\/wp-content\/uploads\/2019\/10\/Karte-300x200.jpg 300w, https:\/\/lamm-harburg.de\/wp-content\/uploads\/2019\/10\/Karte-768x512.jpg 768w, https:\/\/lamm-harburg.de\/wp-content\/uploads\/2019\/10\/Karte-892x594.jpg 892w, https:\/\/lamm-harburg.de\/wp-content\/uploads\/2019\/10\/Karte-150x100.jpg 150w, https:\/\/lamm-harburg.de\/wp-content\/uploads\/2019\/10\/Karte.jpg 2048w\" sizes=\"(max-width: 1024px) 100vw, 1024px\" \/><\/figure><div class=\"wp-block-media-text__content\">\n<h2> Auto &amp; Motorrad<\/h2>\n\n\n\n<p> Ob N\u00fcrnberg, M\u00fcnchen, Augsburg, Dinkelsb\u00fchl, Ulm oder das Legoland bei G\u00fcnzburg:<br>Diese und andere beliebte Ausflugsziele sind von Harburg aus in k\u00fcrzester Zeit zu erreichen&#8230;  <\/p>\n\n\n\n<div class=\"wp-block-button\"><a class=\"wp-block-button__link\" href=\"https:\/\/goo.gl\/maps\/kTQ1mroHbqbPZB67A\">Route mit Google Maps planen<\/a><\/div>\n\n\n\n<p><\/p>\n<\/div><\/div>\n","protected":false},"excerpt":{"rendered":"<p>Boots-Verleih Direkt vor unserem Haus haben Sie die M\u00f6glichkeit, 3-Personen-Kanadier zu leihen und auf der W\u00f6rnitz zu paddeln.Genie\u00dfen Sie ein paar sch\u00f6ne Momente &#8222;auf offener See&#8220;! Preis: 5,00 \u20ac pro Stunde NEU! Sup-Verleih Ebenfalls bieten wir Ihnen seit neuem ein Stand-Up-Paddle an mit dem Sie auf der W\u00f6rnitz paddeln oder einfach mal in Ruhe das [&hellip;]<\/p>\n","protected":false},"author":1,"featured_media":0,"parent":0,"menu_order":0,"comment_status":"closed","ping_status":"closed","template":"","meta":[],"yoast_head":"<!-- This site is optimized with the Yoast SEO plugin v17.8 - https:\/\/yoast.com\/wordpress\/plugins\/seo\/ -->\n<title>Freizeitangebot - Zum Goldenen Lamm<\/title>\n<meta name=\"robots\" content=\"index, follow, max-snippet:-1, max-image-preview:large, max-video-preview:-1\" \/>\n<link rel=\"canonical\" href=\"https:\/\/lamm-harburg.de\/de\/freizeitangebot\/\" \/>\n<meta property=\"og:locale\" content=\"de_DE\" \/>\n<meta property=\"og:type\" content=\"article\" \/>\n<meta property=\"og:title\" content=\"Freizeitangebot - Zum Goldenen Lamm\" \/>\n<meta property=\"og:description\" content=\"Boots-Verleih Direkt vor unserem Haus haben Sie die M\u00f6glichkeit, 3-Personen-Kanadier zu leihen und auf der W\u00f6rnitz zu paddeln.Genie\u00dfen Sie ein paar sch\u00f6ne Momente &#8222;auf offener See&#8220;! Preis: 5,00 \u20ac pro Stunde NEU! Sup-Verleih Ebenfalls bieten wir Ihnen seit neuem ein Stand-Up-Paddle an mit dem Sie auf der W\u00f6rnitz paddeln oder einfach mal in Ruhe das [&hellip;]\" \/>\n<meta property=\"og:url\" content=\"https:\/\/lamm-harburg.de\/de\/freizeitangebot\/\" \/>\n<meta property=\"og:site_name\" content=\"Zum Goldenen Lamm\" \/>\n<meta property=\"article:modified_time\" content=\"2020-08-29T13:34:37+00:00\" \/>\n<meta property=\"og:image\" content=\"http:\/\/www.lammharburg.de\/wp-content\/uploads\/2019\/08\/DSC_0292-1024x680.jpg\" \/>\n<meta name=\"twitter:card\" content=\"summary_large_image\" \/>\n<meta name=\"twitter:label1\" content=\"Gesch\u00e4tzte Lesezeit\" \/>\n\t<meta name=\"twitter:data1\" content=\"1\u00a0Minute\" \/>\n<script type=\"application\/ld+json\" class=\"yoast-schema-graph\">{\"@context\":\"https:\/\/schema.org\",\"@graph\":[{\"@type\":\"Organization\",\"@id\":\"https:\/\/lamm-harburg.de\/de\/#organization\",\"name\":\"Hotel Gasthof zum Goldenen Lamm\",\"url\":\"https:\/\/lamm-harburg.de\/de\/\",\"sameAs\":[],\"logo\":{\"@type\":\"ImageObject\",\"@id\":\"https:\/\/lamm-harburg.de\/de\/#logo\",\"inLanguage\":\"de\",\"url\":\"http:\/\/lamm-harburg.de\/wp-content\/uploads\/2019\/08\/Lamm-e1573944043302.png\",\"contentUrl\":\"http:\/\/lamm-harburg.de\/wp-content\/uploads\/2019\/08\/Lamm-e1573944043302.png\",\"width\":300,\"height\":119,\"caption\":\"Hotel Gasthof zum Goldenen Lamm\"},\"image\":{\"@id\":\"https:\/\/lamm-harburg.de\/de\/#logo\"}},{\"@type\":\"WebSite\",\"@id\":\"https:\/\/lamm-harburg.de\/de\/#website\",\"url\":\"https:\/\/lamm-harburg.de\/de\/\",\"name\":\"Zum Goldenen Lamm\",\"description\":\"\",\"publisher\":{\"@id\":\"https:\/\/lamm-harburg.de\/de\/#organization\"},\"potentialAction\":[{\"@type\":\"SearchAction\",\"target\":{\"@type\":\"EntryPoint\",\"urlTemplate\":\"https:\/\/lamm-harburg.de\/de\/?s={search_term_string}\"},\"query-input\":\"required name=search_term_string\"}],\"inLanguage\":\"de\"},{\"@type\":\"ImageObject\",\"@id\":\"https:\/\/lamm-harburg.de\/de\/freizeitangebot\/#primaryimage\",\"inLanguage\":\"de\",\"url\":\"http:\/\/www.lammharburg.de\/wp-content\/uploads\/2019\/08\/DSC_0292-1024x680.jpg\",\"contentUrl\":\"http:\/\/www.lammharburg.de\/wp-content\/uploads\/2019\/08\/DSC_0292-1024x680.jpg\"},{\"@type\":\"WebPage\",\"@id\":\"https:\/\/lamm-harburg.de\/de\/freizeitangebot\/#webpage\",\"url\":\"https:\/\/lamm-harburg.de\/de\/freizeitangebot\/\",\"name\":\"Freizeitangebot - Zum Goldenen Lamm\",\"isPartOf\":{\"@id\":\"https:\/\/lamm-harburg.de\/de\/#website\"},\"primaryImageOfPage\":{\"@id\":\"https:\/\/lamm-harburg.de\/de\/freizeitangebot\/#primaryimage\"},\"datePublished\":\"2019-10-09T20:39:56+00:00\",\"dateModified\":\"2020-08-29T13:34:37+00:00\",\"breadcrumb\":{\"@id\":\"https:\/\/lamm-harburg.de\/de\/freizeitangebot\/#breadcrumb\"},\"inLanguage\":\"de\",\"potentialAction\":[{\"@type\":\"ReadAction\",\"target\":[\"https:\/\/lamm-harburg.de\/de\/freizeitangebot\/\"]}]},{\"@type\":\"BreadcrumbList\",\"@id\":\"https:\/\/lamm-harburg.de\/de\/freizeitangebot\/#breadcrumb\",\"itemListElement\":[{\"@type\":\"ListItem\",\"position\":1,\"name\":\"Startseite\",\"item\":\"https:\/\/lamm-harburg.de\/de\/\"},{\"@type\":\"ListItem\",\"position\":2,\"name\":\"Freizeitangebot\"}]}]}<\/script>\n<!-- \/ Yoast SEO plugin. -->","yoast_head_json":{"title":"Freizeitangebot - Zum Goldenen Lamm","robots":{"index":"index","follow":"follow","max-snippet":"max-snippet:-1","max-image-preview":"max-image-preview:large","max-video-preview":"max-video-preview:-1"},"canonical":"https:\/\/lamm-harburg.de\/de\/freizeitangebot\/","og_locale":"de_DE","og_type":"article","og_title":"Freizeitangebot - Zum Goldenen Lamm","og_description":"Boots-Verleih Direkt vor unserem Haus haben Sie die M\u00f6glichkeit, 3-Personen-Kanadier zu leihen und auf der W\u00f6rnitz zu paddeln.Genie\u00dfen Sie ein paar sch\u00f6ne Momente &#8222;auf offener See&#8220;! Preis: 5,00 \u20ac pro Stunde NEU! Sup-Verleih Ebenfalls bieten wir Ihnen seit neuem ein Stand-Up-Paddle an mit dem Sie auf der W\u00f6rnitz paddeln oder einfach mal in Ruhe das [&hellip;]","og_url":"https:\/\/lamm-harburg.de\/de\/freizeitangebot\/","og_site_name":"Zum Goldenen Lamm","article_modified_time":"2020-08-29T13:34:37+00:00","og_image":[{"url":"http:\/\/www.lammharburg.de\/wp-content\/uploads\/2019\/08\/DSC_0292-1024x680.jpg"}],"twitter_card":"summary_large_image","twitter_misc":{"Gesch\u00e4tzte Lesezeit":"1\u00a0Minute"},"schema":{"@context":"https:\/\/schema.org","@graph":[{"@type":"Organization","@id":"https:\/\/lamm-harburg.de\/de\/#organization","name":"Hotel Gasthof zum Goldenen Lamm","url":"https:\/\/lamm-harburg.de\/de\/","sameAs":[],"logo":{"@type":"ImageObject","@id":"https:\/\/lamm-harburg.de\/de\/#logo","inLanguage":"de","url":"http:\/\/lamm-harburg.de\/wp-content\/uploads\/2019\/08\/Lamm-e1573944043302.png","contentUrl":"http:\/\/lamm-harburg.de\/wp-content\/uploads\/2019\/08\/Lamm-e1573944043302.png","width":300,"height":119,"caption":"Hotel Gasthof zum Goldenen Lamm"},"image":{"@id":"https:\/\/lamm-harburg.de\/de\/#logo"}},{"@type":"WebSite","@id":"https:\/\/lamm-harburg.de\/de\/#website","url":"https:\/\/lamm-harburg.de\/de\/","name":"Zum Goldenen Lamm","description":"","publisher":{"@id":"https:\/\/lamm-harburg.de\/de\/#organization"},"potentialAction":[{"@type":"SearchAction","target":{"@type":"EntryPoint","urlTemplate":"https:\/\/lamm-harburg.de\/de\/?s={search_term_string}"},"query-input":"required name=search_term_string"}],"inLanguage":"de"},{"@type":"ImageObject","@id":"https:\/\/lamm-harburg.de\/de\/freizeitangebot\/#primaryimage","inLanguage":"de","url":"http:\/\/www.lammharburg.de\/wp-content\/uploads\/2019\/08\/DSC_0292-1024x680.jpg","contentUrl":"http:\/\/www.lammharburg.de\/wp-content\/uploads\/2019\/08\/DSC_0292-1024x680.jpg"},{"@type":"WebPage","@id":"https:\/\/lamm-harburg.de\/de\/freizeitangebot\/#webpage","url":"https:\/\/lamm-harburg.de\/de\/freizeitangebot\/","name":"Freizeitangebot - Zum Goldenen Lamm","isPartOf":{"@id":"https:\/\/lamm-harburg.de\/de\/#website"},"primaryImageOfPage":{"@id":"https:\/\/lamm-harburg.de\/de\/freizeitangebot\/#primaryimage"},"datePublished":"2019-10-09T20:39:56+00:00","dateModified":"2020-08-29T13:34:37+00:00","breadcrumb":{"@id":"https:\/\/lamm-harburg.de\/de\/freizeitangebot\/#breadcrumb"},"inLanguage":"de","potentialAction":[{"@type":"ReadAction","target":["https:\/\/lamm-harburg.de\/de\/freizeitangebot\/"]}]},{"@type":"BreadcrumbList","@id":"https:\/\/lamm-harburg.de\/de\/freizeitangebot\/#breadcrumb","itemListElement":[{"@type":"ListItem","position":1,"name":"Startseite","item":"https:\/\/lamm-harburg.de\/de\/"},{"@type":"ListItem","position":2,"name":"Freizeitangebot"}]}]}},"_links":{"self":[{"href":"https:\/\/lamm-harburg.de\/de\/wp-json\/wp\/v2\/pages\/1016"}],"collection":[{"href":"https:\/\/lamm-harburg.de\/de\/wp-json\/wp\/v2\/pages"}],"about":[{"href":"https:\/\/lamm-harburg.de\/de\/wp-json\/wp\/v2\/types\/page"}],"author":[{"embeddable":true,"href":"https:\/\/lamm-harburg.de\/de\/wp-json\/wp\/v2\/users\/1"}],"replies":[{"embeddable":true,"href":"https:\/\/lamm-harburg.de\/de\/wp-json\/wp\/v2\/comments?post=1016"}],"version-history":[{"count":27,"href":"https:\/\/lamm-harburg.de\/de\/wp-json\/wp\/v2\/pages\/1016\/revisions"}],"predecessor-version":[{"id":1349,"href":"https:\/\/lamm-harburg.de\/de\/wp-json\/wp\/v2\/pages\/1016\/revisions\/1349"}],"wp:attachment":[{"href":"https:\/\/lamm-harburg.de\/de\/wp-json\/wp\/v2\/media?parent=1016"}],"curies":[{"name":"wp","href":"https:\/\/api.w.org\/{rel}","templated":true}]}}