{"id":1298,"date":"2019-11-16T13:42:09","date_gmt":"2019-11-16T13:42:09","guid":{"rendered":"http:\/\/www.lammharburg.de\/?page_id=1298"},"modified":"2019-11-16T13:44:04","modified_gmt":"2019-11-16T13:44:04","slug":"umbau-2013-investition-in-die-zukunft","status":"publish","type":"page","link":"https:\/\/lamm-harburg.de\/de\/umbau-2013-investition-in-die-zukunft\/","title":{"rendered":"Umbau 2013 \u2013 Investition in die Zukunft"},"content":{"rendered":"\n<p>Tradition bedeutet nicht nur, an Altem und <strong>Altbew\u00e4hrtem<\/strong> festzuhalten.<br>Es bedeutet auch, dass man das, was bereits so lange Zeit Bestand hatte, f\u00fcr die <strong>Zukunft<\/strong> bewahrt.<br>In diesem Sinne sahen wir im Jahre 2013 die Notwendigkeit, unser altehrw\u00fcrdiges<br><strong>Hotel Gasthof zum goldenen Lamm<\/strong> zu renovieren und umzubauen.<\/p>\n\n\n\n<p>Unser Augenmerk lag hierbei nat\u00fcrlich auf dem gr\u00f6\u00dftm\u00f6glichen und <strong>zeitgem\u00e4\u00dfen Komfort<\/strong> unserer G\u00e4ste,<br>aber auch auf <strong>Umweltschutz<\/strong>, <strong>Nachhaltigkeit<\/strong> und <strong>Best\u00e4ndigkeit<\/strong>.<br>Nach monatelanger harter Arbeit erstrahlte unser Haus schlie\u00dflich im September 2013 in neuem Glanz, ohne dabei seinen alten Charme verloren zu haben.<br><br>Und so k\u00f6nnen wir mit Ihnen nicht nur voller Stolz auf unsere Vergangenheit blicken, sondern auch beruhigt in eine &#8211; hoffentlich lange &#8211; Zukunft schauen!<br><br><strong>Die Umbauma\u00dfnahmen im \u00dcberblick:<\/strong><\/p>\n\n\n\n<ul><li>Komplette Entkernung des 1. OG und 2. OG bis aufs Geb\u00e4lk<\/li><li>Austausch der defekten Balkenauflege in der Au\u00dfenmauer durch frische Balken (30m\u00b3 Rundholz)<\/li><li>Erneuerung des Fehlbodens (Balkenlage mit Ausfachung) &#8211; Einbau von 12 Tonnen Kies f\u00fcr optimale<br>\n\tSchalld\u00e4mmung<\/li><li>Dacheindeckung mit in der Gegend beheimateten und seit jeher \u00fcblichen Biberschwanz-Dachplatten,<br>\n\twie man sie auf historischen Geb\u00e4uden findet.<\/li><li>Neuverlegung aller Versorgungsleitungen nach neuestem Stand der W\u00e4rmed\u00e4mmung und<br>\n\tTrinkwasserverordnung<\/li><li>Einbau eines Mini Block-Heizkraftwerks mit Erdgasbetrieb -&gt; die gesamte Abw\u00e4rme kann f\u00fcr unseren<br>\n\tganzj\u00e4hrigen W\u00e4rmebedarf genutzt werden; die Prim\u00e4renergie wird gr\u00f6\u00dftm\u00f6glich ausgenutzt.<\/li><li>In allen Zimmern wurden hochwertige und langlebige Materialien verbaut<\/li><\/ul>\n\n\n\n<figure class=\"is-layout-flex wp-block-gallery-1 wp-block-gallery columns-3 is-cropped\"><ul class=\"blocks-gallery-grid\"><li class=\"blocks-gallery-item\"><figure><img decoding=\"async\" width=\"640\" height=\"480\" src=\"http:\/\/www.lammharburg.de\/wp-content\/uploads\/2019\/10\/umbau01.jpg\" alt=\"\" data-id=\"1079\" data-link=\"http:\/\/www.lammharburg.de\/?attachment_id=1079\" class=\"wp-image-1079\" srcset=\"https:\/\/lamm-harburg.de\/wp-content\/uploads\/2019\/10\/umbau01.jpg 640w, https:\/\/lamm-harburg.de\/wp-content\/uploads\/2019\/10\/umbau01-300x225.jpg 300w\" sizes=\"(max-width: 640px) 100vw, 640px\" \/><\/figure><\/li><li class=\"blocks-gallery-item\"><figure><img decoding=\"async\" width=\"640\" height=\"480\" src=\"http:\/\/www.lammharburg.de\/wp-content\/uploads\/2019\/10\/umbau02.jpg\" alt=\"\" data-id=\"1080\" data-link=\"http:\/\/www.lammharburg.de\/?attachment_id=1080\" class=\"wp-image-1080\" srcset=\"https:\/\/lamm-harburg.de\/wp-content\/uploads\/2019\/10\/umbau02.jpg 640w, https:\/\/lamm-harburg.de\/wp-content\/uploads\/2019\/10\/umbau02-300x225.jpg 300w\" sizes=\"(max-width: 640px) 100vw, 640px\" \/><\/figure><\/li><li class=\"blocks-gallery-item\"><figure><img decoding=\"async\" width=\"640\" height=\"480\" src=\"http:\/\/www.lammharburg.de\/wp-content\/uploads\/2019\/10\/umbau03.jpg\" alt=\"\" data-id=\"1081\" data-link=\"http:\/\/www.lammharburg.de\/?attachment_id=1081\" class=\"wp-image-1081\" srcset=\"https:\/\/lamm-harburg.de\/wp-content\/uploads\/2019\/10\/umbau03.jpg 640w, https:\/\/lamm-harburg.de\/wp-content\/uploads\/2019\/10\/umbau03-300x225.jpg 300w\" sizes=\"(max-width: 640px) 100vw, 640px\" \/><\/figure><\/li><li class=\"blocks-gallery-item\"><figure><img decoding=\"async\" width=\"640\" height=\"480\" src=\"http:\/\/www.lammharburg.de\/wp-content\/uploads\/2019\/10\/umbau04.jpg\" alt=\"\" data-id=\"1082\" data-link=\"http:\/\/www.lammharburg.de\/?attachment_id=1082\" class=\"wp-image-1082\" srcset=\"https:\/\/lamm-harburg.de\/wp-content\/uploads\/2019\/10\/umbau04.jpg 640w, https:\/\/lamm-harburg.de\/wp-content\/uploads\/2019\/10\/umbau04-300x225.jpg 300w\" sizes=\"(max-width: 640px) 100vw, 640px\" \/><\/figure><\/li><li class=\"blocks-gallery-item\"><figure><img decoding=\"async\" width=\"360\" height=\"480\" src=\"http:\/\/www.lammharburg.de\/wp-content\/uploads\/2019\/10\/umbau05.jpg\" alt=\"\" data-id=\"1083\" data-link=\"http:\/\/www.lammharburg.de\/?attachment_id=1083\" class=\"wp-image-1083\" srcset=\"https:\/\/lamm-harburg.de\/wp-content\/uploads\/2019\/10\/umbau05.jpg 360w, https:\/\/lamm-harburg.de\/wp-content\/uploads\/2019\/10\/umbau05-225x300.jpg 225w\" sizes=\"(max-width: 360px) 100vw, 360px\" \/><\/figure><\/li><li class=\"blocks-gallery-item\"><figure><img decoding=\"async\" width=\"640\" height=\"480\" src=\"http:\/\/www.lammharburg.de\/wp-content\/uploads\/2019\/10\/umbau06.jpg\" alt=\"\" data-id=\"1084\" data-link=\"http:\/\/www.lammharburg.de\/?attachment_id=1084\" class=\"wp-image-1084\" srcset=\"https:\/\/lamm-harburg.de\/wp-content\/uploads\/2019\/10\/umbau06.jpg 640w, https:\/\/lamm-harburg.de\/wp-content\/uploads\/2019\/10\/umbau06-300x225.jpg 300w\" sizes=\"(max-width: 640px) 100vw, 640px\" \/><\/figure><\/li><li class=\"blocks-gallery-item\"><figure><img decoding=\"async\" width=\"640\" height=\"480\" src=\"http:\/\/www.lammharburg.de\/wp-content\/uploads\/2019\/10\/umbau07.jpg\" alt=\"\" data-id=\"1085\" data-link=\"http:\/\/www.lammharburg.de\/?attachment_id=1085\" class=\"wp-image-1085\" srcset=\"https:\/\/lamm-harburg.de\/wp-content\/uploads\/2019\/10\/umbau07.jpg 640w, https:\/\/lamm-harburg.de\/wp-content\/uploads\/2019\/10\/umbau07-300x225.jpg 300w\" sizes=\"(max-width: 640px) 100vw, 640px\" \/><\/figure><\/li><li class=\"blocks-gallery-item\"><figure><img decoding=\"async\" width=\"640\" height=\"480\" src=\"http:\/\/www.lammharburg.de\/wp-content\/uploads\/2019\/10\/umbau08.jpg\" alt=\"\" data-id=\"1086\" data-link=\"http:\/\/www.lammharburg.de\/?attachment_id=1086\" class=\"wp-image-1086\" srcset=\"https:\/\/lamm-harburg.de\/wp-content\/uploads\/2019\/10\/umbau08.jpg 640w, https:\/\/lamm-harburg.de\/wp-content\/uploads\/2019\/10\/umbau08-300x225.jpg 300w\" sizes=\"(max-width: 640px) 100vw, 640px\" \/><\/figure><\/li><li class=\"blocks-gallery-item\"><figure><img decoding=\"async\" width=\"360\" height=\"480\" src=\"http:\/\/www.lammharburg.de\/wp-content\/uploads\/2019\/10\/umbau09.jpg\" alt=\"\" data-id=\"1087\" data-link=\"http:\/\/www.lammharburg.de\/?attachment_id=1087\" class=\"wp-image-1087\" srcset=\"https:\/\/lamm-harburg.de\/wp-content\/uploads\/2019\/10\/umbau09.jpg 360w, https:\/\/lamm-harburg.de\/wp-content\/uploads\/2019\/10\/umbau09-225x300.jpg 225w\" sizes=\"(max-width: 360px) 100vw, 360px\" \/><\/figure><\/li><li class=\"blocks-gallery-item\"><figure><img decoding=\"async\" width=\"360\" height=\"480\" src=\"http:\/\/www.lammharburg.de\/wp-content\/uploads\/2019\/10\/umbau10.jpg\" alt=\"\" data-id=\"1088\" data-link=\"http:\/\/www.lammharburg.de\/?attachment_id=1088\" class=\"wp-image-1088\" srcset=\"https:\/\/lamm-harburg.de\/wp-content\/uploads\/2019\/10\/umbau10.jpg 360w, https:\/\/lamm-harburg.de\/wp-content\/uploads\/2019\/10\/umbau10-225x300.jpg 225w\" sizes=\"(max-width: 360px) 100vw, 360px\" \/><\/figure><\/li><li class=\"blocks-gallery-item\"><figure><img decoding=\"async\" width=\"640\" height=\"480\" src=\"http:\/\/www.lammharburg.de\/wp-content\/uploads\/2019\/10\/umbau11.jpg\" alt=\"\" data-id=\"1089\" data-link=\"http:\/\/www.lammharburg.de\/?attachment_id=1089\" class=\"wp-image-1089\" srcset=\"https:\/\/lamm-harburg.de\/wp-content\/uploads\/2019\/10\/umbau11.jpg 640w, https:\/\/lamm-harburg.de\/wp-content\/uploads\/2019\/10\/umbau11-300x225.jpg 300w\" sizes=\"(max-width: 640px) 100vw, 640px\" \/><\/figure><\/li><li class=\"blocks-gallery-item\"><figure><img decoding=\"async\" width=\"640\" height=\"480\" src=\"http:\/\/www.lammharburg.de\/wp-content\/uploads\/2019\/10\/umbau12.jpg\" alt=\"\" data-id=\"1090\" data-link=\"http:\/\/www.lammharburg.de\/?attachment_id=1090\" class=\"wp-image-1090\" srcset=\"https:\/\/lamm-harburg.de\/wp-content\/uploads\/2019\/10\/umbau12.jpg 640w, https:\/\/lamm-harburg.de\/wp-content\/uploads\/2019\/10\/umbau12-300x225.jpg 300w\" sizes=\"(max-width: 640px) 100vw, 640px\" \/><\/figure><\/li><li class=\"blocks-gallery-item\"><figure><img decoding=\"async\" width=\"640\" height=\"480\" src=\"http:\/\/www.lammharburg.de\/wp-content\/uploads\/2019\/10\/umbau13.jpg\" alt=\"\" data-id=\"1091\" data-link=\"http:\/\/www.lammharburg.de\/?attachment_id=1091\" class=\"wp-image-1091\" srcset=\"https:\/\/lamm-harburg.de\/wp-content\/uploads\/2019\/10\/umbau13.jpg 640w, https:\/\/lamm-harburg.de\/wp-content\/uploads\/2019\/10\/umbau13-300x225.jpg 300w\" sizes=\"(max-width: 640px) 100vw, 640px\" \/><\/figure><\/li><li class=\"blocks-gallery-item\"><figure><img decoding=\"async\" width=\"640\" height=\"480\" src=\"http:\/\/www.lammharburg.de\/wp-content\/uploads\/2019\/10\/umbau14.jpg\" alt=\"\" data-id=\"1092\" data-link=\"http:\/\/www.lammharburg.de\/?attachment_id=1092\" class=\"wp-image-1092\" srcset=\"https:\/\/lamm-harburg.de\/wp-content\/uploads\/2019\/10\/umbau14.jpg 640w, https:\/\/lamm-harburg.de\/wp-content\/uploads\/2019\/10\/umbau14-300x225.jpg 300w\" sizes=\"(max-width: 640px) 100vw, 640px\" \/><\/figure><\/li><li class=\"blocks-gallery-item\"><figure><img decoding=\"async\" width=\"640\" height=\"480\" src=\"http:\/\/www.lammharburg.de\/wp-content\/uploads\/2019\/10\/umbau15.jpg\" alt=\"\" data-id=\"1093\" data-link=\"http:\/\/www.lammharburg.de\/?attachment_id=1093\" class=\"wp-image-1093\" srcset=\"https:\/\/lamm-harburg.de\/wp-content\/uploads\/2019\/10\/umbau15.jpg 640w, https:\/\/lamm-harburg.de\/wp-content\/uploads\/2019\/10\/umbau15-300x225.jpg 300w\" sizes=\"(max-width: 640px) 100vw, 640px\" \/><\/figure><\/li><li class=\"blocks-gallery-item\"><figure><img decoding=\"async\" width=\"360\" height=\"480\" src=\"http:\/\/www.lammharburg.de\/wp-content\/uploads\/2019\/10\/umbau16.jpg\" alt=\"\" data-id=\"1094\" data-link=\"http:\/\/www.lammharburg.de\/?attachment_id=1094\" class=\"wp-image-1094\" srcset=\"https:\/\/lamm-harburg.de\/wp-content\/uploads\/2019\/10\/umbau16.jpg 360w, https:\/\/lamm-harburg.de\/wp-content\/uploads\/2019\/10\/umbau16-225x300.jpg 225w\" sizes=\"(max-width: 360px) 100vw, 360px\" \/><\/figure><\/li><li class=\"blocks-gallery-item\"><figure><img decoding=\"async\" width=\"640\" height=\"480\" src=\"http:\/\/www.lammharburg.de\/wp-content\/uploads\/2019\/10\/umbau17.jpg\" alt=\"\" data-id=\"1095\" data-link=\"http:\/\/www.lammharburg.de\/?attachment_id=1095\" class=\"wp-image-1095\" srcset=\"https:\/\/lamm-harburg.de\/wp-content\/uploads\/2019\/10\/umbau17.jpg 640w, https:\/\/lamm-harburg.de\/wp-content\/uploads\/2019\/10\/umbau17-300x225.jpg 300w\" sizes=\"(max-width: 640px) 100vw, 640px\" \/><\/figure><\/li><li class=\"blocks-gallery-item\"><figure><img decoding=\"async\" width=\"640\" height=\"480\" src=\"http:\/\/www.lammharburg.de\/wp-content\/uploads\/2019\/10\/umbau18.jpg\" alt=\"\" data-id=\"1096\" data-link=\"http:\/\/www.lammharburg.de\/?attachment_id=1096\" class=\"wp-image-1096\" srcset=\"https:\/\/lamm-harburg.de\/wp-content\/uploads\/2019\/10\/umbau18.jpg 640w, https:\/\/lamm-harburg.de\/wp-content\/uploads\/2019\/10\/umbau18-300x225.jpg 300w\" sizes=\"(max-width: 640px) 100vw, 640px\" \/><\/figure><\/li><li class=\"blocks-gallery-item\"><figure><img decoding=\"async\" width=\"640\" height=\"480\" src=\"http:\/\/www.lammharburg.de\/wp-content\/uploads\/2019\/10\/umbau19.jpg\" alt=\"\" data-id=\"1097\" data-link=\"http:\/\/www.lammharburg.de\/?attachment_id=1097\" class=\"wp-image-1097\" srcset=\"https:\/\/lamm-harburg.de\/wp-content\/uploads\/2019\/10\/umbau19.jpg 640w, https:\/\/lamm-harburg.de\/wp-content\/uploads\/2019\/10\/umbau19-300x225.jpg 300w\" sizes=\"(max-width: 640px) 100vw, 640px\" \/><\/figure><\/li><li class=\"blocks-gallery-item\"><figure><img decoding=\"async\" width=\"640\" height=\"480\" src=\"http:\/\/www.lammharburg.de\/wp-content\/uploads\/2019\/10\/umbau20.jpg\" alt=\"\" data-id=\"1098\" data-link=\"http:\/\/www.lammharburg.de\/?attachment_id=1098\" class=\"wp-image-1098\" srcset=\"https:\/\/lamm-harburg.de\/wp-content\/uploads\/2019\/10\/umbau20.jpg 640w, https:\/\/lamm-harburg.de\/wp-content\/uploads\/2019\/10\/umbau20-300x225.jpg 300w\" sizes=\"(max-width: 640px) 100vw, 640px\" \/><\/figure><\/li><li class=\"blocks-gallery-item\"><figure><img decoding=\"async\" width=\"640\" height=\"480\" src=\"http:\/\/www.lammharburg.de\/wp-content\/uploads\/2019\/10\/umbau21.jpg\" alt=\"\" data-id=\"1099\" data-link=\"http:\/\/www.lammharburg.de\/?attachment_id=1099\" class=\"wp-image-1099\" srcset=\"https:\/\/lamm-harburg.de\/wp-content\/uploads\/2019\/10\/umbau21.jpg 640w, https:\/\/lamm-harburg.de\/wp-content\/uploads\/2019\/10\/umbau21-300x225.jpg 300w\" sizes=\"(max-width: 640px) 100vw, 640px\" \/><\/figure><\/li><li class=\"blocks-gallery-item\"><figure><img decoding=\"async\" width=\"640\" height=\"480\" src=\"http:\/\/www.lammharburg.de\/wp-content\/uploads\/2019\/10\/umbau22.jpg\" alt=\"\" data-id=\"1100\" data-link=\"http:\/\/www.lammharburg.de\/?attachment_id=1100\" class=\"wp-image-1100\" srcset=\"https:\/\/lamm-harburg.de\/wp-content\/uploads\/2019\/10\/umbau22.jpg 640w, https:\/\/lamm-harburg.de\/wp-content\/uploads\/2019\/10\/umbau22-300x225.jpg 300w\" sizes=\"(max-width: 640px) 100vw, 640px\" \/><\/figure><\/li><li class=\"blocks-gallery-item\"><figure><img decoding=\"async\" width=\"360\" height=\"480\" src=\"http:\/\/www.lammharburg.de\/wp-content\/uploads\/2019\/10\/umbau23.jpg\" alt=\"\" data-id=\"1101\" data-link=\"http:\/\/www.lammharburg.de\/?attachment_id=1101\" class=\"wp-image-1101\" srcset=\"https:\/\/lamm-harburg.de\/wp-content\/uploads\/2019\/10\/umbau23.jpg 360w, https:\/\/lamm-harburg.de\/wp-content\/uploads\/2019\/10\/umbau23-225x300.jpg 225w\" sizes=\"(max-width: 360px) 100vw, 360px\" \/><\/figure><\/li><\/ul><\/figure>\n\n\n\n<p><\/p>\n","protected":false},"excerpt":{"rendered":"<p>Tradition bedeutet nicht nur, an Altem und Altbew\u00e4hrtem festzuhalten.Es bedeutet auch, dass man das, was bereits so lange Zeit Bestand hatte, f\u00fcr die Zukunft bewahrt.In diesem Sinne sahen wir im Jahre 2013 die Notwendigkeit, unser altehrw\u00fcrdigesHotel Gasthof zum goldenen Lamm zu renovieren und umzubauen. Unser Augenmerk lag hierbei nat\u00fcrlich auf dem gr\u00f6\u00dftm\u00f6glichen und zeitgem\u00e4\u00dfen Komfort [&hellip;]<\/p>\n","protected":false},"author":1,"featured_media":0,"parent":0,"menu_order":0,"comment_status":"closed","ping_status":"closed","template":"template-wide-page.php","meta":[],"yoast_head":"<!-- This site is optimized with the Yoast SEO plugin v17.8 - https:\/\/yoast.com\/wordpress\/plugins\/seo\/ -->\n<title>Umbau 2013 \u2013 Investition in die Zukunft - Zum Goldenen Lamm<\/title>\n<meta name=\"robots\" content=\"index, follow, max-snippet:-1, max-image-preview:large, max-video-preview:-1\" \/>\n<link rel=\"canonical\" href=\"https:\/\/lamm-harburg.de\/de\/umbau-2013-investition-in-die-zukunft\/\" \/>\n<meta property=\"og:locale\" content=\"de_DE\" \/>\n<meta property=\"og:type\" content=\"article\" \/>\n<meta property=\"og:title\" content=\"Umbau 2013 \u2013 Investition in die Zukunft - Zum Goldenen Lamm\" \/>\n<meta property=\"og:description\" content=\"Tradition bedeutet nicht nur, an Altem und Altbew\u00e4hrtem festzuhalten.Es bedeutet auch, dass man das, was bereits so lange Zeit Bestand hatte, f\u00fcr die Zukunft bewahrt.In diesem Sinne sahen wir im Jahre 2013 die Notwendigkeit, unser altehrw\u00fcrdigesHotel Gasthof zum goldenen Lamm zu renovieren und umzubauen. Unser Augenmerk lag hierbei nat\u00fcrlich auf dem gr\u00f6\u00dftm\u00f6glichen und zeitgem\u00e4\u00dfen Komfort [&hellip;]\" \/>\n<meta property=\"og:url\" content=\"https:\/\/lamm-harburg.de\/de\/umbau-2013-investition-in-die-zukunft\/\" \/>\n<meta property=\"og:site_name\" content=\"Zum Goldenen Lamm\" \/>\n<meta property=\"article:modified_time\" content=\"2019-11-16T13:44:04+00:00\" \/>\n<meta property=\"og:image\" content=\"http:\/\/www.lammharburg.de\/wp-content\/uploads\/2019\/10\/umbau01.jpg\" \/>\n<meta name=\"twitter:card\" content=\"summary_large_image\" \/>\n<meta name=\"twitter:label1\" content=\"Gesch\u00e4tzte Lesezeit\" \/>\n\t<meta name=\"twitter:data1\" content=\"1\u00a0Minute\" \/>\n<script type=\"application\/ld+json\" class=\"yoast-schema-graph\">{\"@context\":\"https:\/\/schema.org\",\"@graph\":[{\"@type\":\"Organization\",\"@id\":\"https:\/\/lamm-harburg.de\/de\/#organization\",\"name\":\"Hotel Gasthof zum Goldenen Lamm\",\"url\":\"https:\/\/lamm-harburg.de\/de\/\",\"sameAs\":[],\"logo\":{\"@type\":\"ImageObject\",\"@id\":\"https:\/\/lamm-harburg.de\/de\/#logo\",\"inLanguage\":\"de\",\"url\":\"http:\/\/lamm-harburg.de\/wp-content\/uploads\/2019\/08\/Lamm-e1573944043302.png\",\"contentUrl\":\"http:\/\/lamm-harburg.de\/wp-content\/uploads\/2019\/08\/Lamm-e1573944043302.png\",\"width\":300,\"height\":119,\"caption\":\"Hotel Gasthof zum Goldenen Lamm\"},\"image\":{\"@id\":\"https:\/\/lamm-harburg.de\/de\/#logo\"}},{\"@type\":\"WebSite\",\"@id\":\"https:\/\/lamm-harburg.de\/de\/#website\",\"url\":\"https:\/\/lamm-harburg.de\/de\/\",\"name\":\"Zum Goldenen Lamm\",\"description\":\"\",\"publisher\":{\"@id\":\"https:\/\/lamm-harburg.de\/de\/#organization\"},\"potentialAction\":[{\"@type\":\"SearchAction\",\"target\":{\"@type\":\"EntryPoint\",\"urlTemplate\":\"https:\/\/lamm-harburg.de\/de\/?s={search_term_string}\"},\"query-input\":\"required name=search_term_string\"}],\"inLanguage\":\"de\"},{\"@type\":\"ImageObject\",\"@id\":\"https:\/\/lamm-harburg.de\/de\/umbau-2013-investition-in-die-zukunft\/#primaryimage\",\"inLanguage\":\"de\",\"url\":\"http:\/\/www.lammharburg.de\/wp-content\/uploads\/2019\/10\/umbau01.jpg\",\"contentUrl\":\"http:\/\/www.lammharburg.de\/wp-content\/uploads\/2019\/10\/umbau01.jpg\"},{\"@type\":\"WebPage\",\"@id\":\"https:\/\/lamm-harburg.de\/de\/umbau-2013-investition-in-die-zukunft\/#webpage\",\"url\":\"https:\/\/lamm-harburg.de\/de\/umbau-2013-investition-in-die-zukunft\/\",\"name\":\"Umbau 2013 \\u2013 Investition in die Zukunft - Zum Goldenen Lamm\",\"isPartOf\":{\"@id\":\"https:\/\/lamm-harburg.de\/de\/#website\"},\"primaryImageOfPage\":{\"@id\":\"https:\/\/lamm-harburg.de\/de\/umbau-2013-investition-in-die-zukunft\/#primaryimage\"},\"datePublished\":\"2019-11-16T13:42:09+00:00\",\"dateModified\":\"2019-11-16T13:44:04+00:00\",\"breadcrumb\":{\"@id\":\"https:\/\/lamm-harburg.de\/de\/umbau-2013-investition-in-die-zukunft\/#breadcrumb\"},\"inLanguage\":\"de\",\"potentialAction\":[{\"@type\":\"ReadAction\",\"target\":[\"https:\/\/lamm-harburg.de\/de\/umbau-2013-investition-in-die-zukunft\/\"]}]},{\"@type\":\"BreadcrumbList\",\"@id\":\"https:\/\/lamm-harburg.de\/de\/umbau-2013-investition-in-die-zukunft\/#breadcrumb\",\"itemListElement\":[{\"@type\":\"ListItem\",\"position\":1,\"name\":\"Startseite\",\"item\":\"https:\/\/lamm-harburg.de\/de\/\"},{\"@type\":\"ListItem\",\"position\":2,\"name\":\"Umbau 2013 \\u2013 Investition in die Zukunft\"}]}]}<\/script>\n<!-- \/ Yoast SEO plugin. -->","yoast_head_json":{"title":"Umbau 2013 \u2013 Investition in die Zukunft - Zum Goldenen Lamm","robots":{"index":"index","follow":"follow","max-snippet":"max-snippet:-1","max-image-preview":"max-image-preview:large","max-video-preview":"max-video-preview:-1"},"canonical":"https:\/\/lamm-harburg.de\/de\/umbau-2013-investition-in-die-zukunft\/","og_locale":"de_DE","og_type":"article","og_title":"Umbau 2013 \u2013 Investition in die Zukunft - Zum Goldenen Lamm","og_description":"Tradition bedeutet nicht nur, an Altem und Altbew\u00e4hrtem festzuhalten.Es bedeutet auch, dass man das, was bereits so lange Zeit Bestand hatte, f\u00fcr die Zukunft bewahrt.In diesem Sinne sahen wir im Jahre 2013 die Notwendigkeit, unser altehrw\u00fcrdigesHotel Gasthof zum goldenen Lamm zu renovieren und umzubauen. Unser Augenmerk lag hierbei nat\u00fcrlich auf dem gr\u00f6\u00dftm\u00f6glichen und zeitgem\u00e4\u00dfen Komfort [&hellip;]","og_url":"https:\/\/lamm-harburg.de\/de\/umbau-2013-investition-in-die-zukunft\/","og_site_name":"Zum Goldenen Lamm","article_modified_time":"2019-11-16T13:44:04+00:00","og_image":[{"url":"http:\/\/www.lammharburg.de\/wp-content\/uploads\/2019\/10\/umbau01.jpg"}],"twitter_card":"summary_large_image","twitter_misc":{"Gesch\u00e4tzte Lesezeit":"1\u00a0Minute"},"schema":{"@context":"https:\/\/schema.org","@graph":[{"@type":"Organization","@id":"https:\/\/lamm-harburg.de\/de\/#organization","name":"Hotel Gasthof zum Goldenen Lamm","url":"https:\/\/lamm-harburg.de\/de\/","sameAs":[],"logo":{"@type":"ImageObject","@id":"https:\/\/lamm-harburg.de\/de\/#logo","inLanguage":"de","url":"http:\/\/lamm-harburg.de\/wp-content\/uploads\/2019\/08\/Lamm-e1573944043302.png","contentUrl":"http:\/\/lamm-harburg.de\/wp-content\/uploads\/2019\/08\/Lamm-e1573944043302.png","width":300,"height":119,"caption":"Hotel Gasthof zum Goldenen Lamm"},"image":{"@id":"https:\/\/lamm-harburg.de\/de\/#logo"}},{"@type":"WebSite","@id":"https:\/\/lamm-harburg.de\/de\/#website","url":"https:\/\/lamm-harburg.de\/de\/","name":"Zum Goldenen Lamm","description":"","publisher":{"@id":"https:\/\/lamm-harburg.de\/de\/#organization"},"potentialAction":[{"@type":"SearchAction","target":{"@type":"EntryPoint","urlTemplate":"https:\/\/lamm-harburg.de\/de\/?s={search_term_string}"},"query-input":"required name=search_term_string"}],"inLanguage":"de"},{"@type":"ImageObject","@id":"https:\/\/lamm-harburg.de\/de\/umbau-2013-investition-in-die-zukunft\/#primaryimage","inLanguage":"de","url":"http:\/\/www.lammharburg.de\/wp-content\/uploads\/2019\/10\/umbau01.jpg","contentUrl":"http:\/\/www.lammharburg.de\/wp-content\/uploads\/2019\/10\/umbau01.jpg"},{"@type":"WebPage","@id":"https:\/\/lamm-harburg.de\/de\/umbau-2013-investition-in-die-zukunft\/#webpage","url":"https:\/\/lamm-harburg.de\/de\/umbau-2013-investition-in-die-zukunft\/","name":"Umbau 2013 \u2013 Investition in die Zukunft - Zum Goldenen Lamm","isPartOf":{"@id":"https:\/\/lamm-harburg.de\/de\/#website"},"primaryImageOfPage":{"@id":"https:\/\/lamm-harburg.de\/de\/umbau-2013-investition-in-die-zukunft\/#primaryimage"},"datePublished":"2019-11-16T13:42:09+00:00","dateModified":"2019-11-16T13:44:04+00:00","breadcrumb":{"@id":"https:\/\/lamm-harburg.de\/de\/umbau-2013-investition-in-die-zukunft\/#breadcrumb"},"inLanguage":"de","potentialAction":[{"@type":"ReadAction","target":["https:\/\/lamm-harburg.de\/de\/umbau-2013-investition-in-die-zukunft\/"]}]},{"@type":"BreadcrumbList","@id":"https:\/\/lamm-harburg.de\/de\/umbau-2013-investition-in-die-zukunft\/#breadcrumb","itemListElement":[{"@type":"ListItem","position":1,"name":"Startseite","item":"https:\/\/lamm-harburg.de\/de\/"},{"@type":"ListItem","position":2,"name":"Umbau 2013 \u2013 Investition in die Zukunft"}]}]}},"_links":{"self":[{"href":"https:\/\/lamm-harburg.de\/de\/wp-json\/wp\/v2\/pages\/1298"}],"collection":[{"href":"https:\/\/lamm-harburg.de\/de\/wp-json\/wp\/v2\/pages"}],"about":[{"href":"https:\/\/lamm-harburg.de\/de\/wp-json\/wp\/v2\/types\/page"}],"author":[{"embeddable":true,"href":"https:\/\/lamm-harburg.de\/de\/wp-json\/wp\/v2\/users\/1"}],"replies":[{"embeddable":true,"href":"https:\/\/lamm-harburg.de\/de\/wp-json\/wp\/v2\/comments?post=1298"}],"version-history":[{"count":3,"href":"https:\/\/lamm-harburg.de\/de\/wp-json\/wp\/v2\/pages\/1298\/revisions"}],"predecessor-version":[{"id":1304,"href":"https:\/\/lamm-harburg.de\/de\/wp-json\/wp\/v2\/pages\/1298\/revisions\/1304"}],"wp:attachment":[{"href":"https:\/\/lamm-harburg.de\/de\/wp-json\/wp\/v2\/media?parent=1298"}],"curies":[{"name":"wp","href":"https:\/\/api.w.org\/{rel}","templated":true}]}}