{"id":1002,"date":"2019-10-09T20:25:56","date_gmt":"2019-10-09T20:25:56","guid":{"rendered":"http:\/\/www.lammharburg.de\/?page_id=1002"},"modified":"2019-10-11T17:04:21","modified_gmt":"2019-10-11T17:04:21","slug":"biergarten","status":"publish","type":"page","link":"https:\/\/lamm-harburg.de\/en\/biergarten\/","title":{"rendered":"beer garden"},"content":{"rendered":"<h3 style=\"text-align:center\" class=\" translation-block\"><strong>Enjoy the warm season in our beer garden <\/strong><br><strong>directly at the W\u00f6rnitz!<\/strong><\/h3>\n\n\n\n<p class=\" translation-block\">A great view of the river landscape of the W\u00f6rnitz, which flows directly past the house.<br> In addition a cool drink and a good meal. So you can live comfortably!<\/p>\n\n\n\n<ul class=\"is-layout-flex wp-block-gallery-1 wp-block-gallery columns-2 is-cropped\"><li class=\"blocks-gallery-item\"><figure><img decoding=\"async\" width=\"720\" height=\"480\" src=\"http:\/\/www.lammharburg.de\/wp-content\/uploads\/2019\/10\/biergarten1.jpg\" alt=\"\" data-id=\"1006\" data-link=\"http:\/\/www.lammharburg.de\/biergarten\/biergarten1\/\" class=\"wp-image-1006\" srcset=\"https:\/\/lamm-harburg.de\/wp-content\/uploads\/2019\/10\/biergarten1.jpg 720w, https:\/\/lamm-harburg.de\/wp-content\/uploads\/2019\/10\/biergarten1-300x200.jpg 300w, https:\/\/lamm-harburg.de\/wp-content\/uploads\/2019\/10\/biergarten1-150x100.jpg 150w\" sizes=\"(max-width: 720px) 100vw, 720px\" \/><\/figure><\/li><li class=\"blocks-gallery-item\"><figure><img decoding=\"async\" width=\"720\" height=\"480\" src=\"http:\/\/www.lammharburg.de\/wp-content\/uploads\/2019\/10\/biergarten2.jpg\" alt=\"\" data-id=\"1007\" data-link=\"http:\/\/www.lammharburg.de\/biergarten\/biergarten2\/\" class=\"wp-image-1007\" srcset=\"https:\/\/lamm-harburg.de\/wp-content\/uploads\/2019\/10\/biergarten2.jpg 720w, https:\/\/lamm-harburg.de\/wp-content\/uploads\/2019\/10\/biergarten2-300x200.jpg 300w, https:\/\/lamm-harburg.de\/wp-content\/uploads\/2019\/10\/biergarten2-150x100.jpg 150w\" sizes=\"(max-width: 720px) 100vw, 720px\" \/><\/figure><\/li><li class=\"blocks-gallery-item\"><figure><img decoding=\"async\" width=\"640\" height=\"480\" src=\"http:\/\/www.lammharburg.de\/wp-content\/uploads\/2019\/10\/biergarten3.jpg\" alt=\"\" data-id=\"1008\" data-link=\"http:\/\/www.lammharburg.de\/biergarten\/biergarten3\/\" class=\"wp-image-1008\" srcset=\"https:\/\/lamm-harburg.de\/wp-content\/uploads\/2019\/10\/biergarten3.jpg 640w, https:\/\/lamm-harburg.de\/wp-content\/uploads\/2019\/10\/biergarten3-300x225.jpg 300w\" sizes=\"(max-width: 640px) 100vw, 640px\" \/><\/figure><\/li><li class=\"blocks-gallery-item\"><figure><img decoding=\"async\" width=\"640\" height=\"480\" src=\"http:\/\/www.lammharburg.de\/wp-content\/uploads\/2019\/10\/biergarten4.jpg\" alt=\"\" data-id=\"1009\" data-link=\"http:\/\/www.lammharburg.de\/biergarten\/biergarten4\/\" class=\"wp-image-1009\" srcset=\"https:\/\/lamm-harburg.de\/wp-content\/uploads\/2019\/10\/biergarten4.jpg 640w, https:\/\/lamm-harburg.de\/wp-content\/uploads\/2019\/10\/biergarten4-300x225.jpg 300w\" sizes=\"(max-width: 640px) 100vw, 640px\" \/><\/figure><\/li><li class=\"blocks-gallery-item\"><figure><img decoding=\"async\" width=\"720\" height=\"480\" src=\"http:\/\/www.lammharburg.de\/wp-content\/uploads\/2019\/10\/biergarten5.jpg\" alt=\"\" data-id=\"1010\" data-link=\"http:\/\/www.lammharburg.de\/biergarten\/biergarten5\/\" class=\"wp-image-1010\" srcset=\"https:\/\/lamm-harburg.de\/wp-content\/uploads\/2019\/10\/biergarten5.jpg 720w, https:\/\/lamm-harburg.de\/wp-content\/uploads\/2019\/10\/biergarten5-300x200.jpg 300w, https:\/\/lamm-harburg.de\/wp-content\/uploads\/2019\/10\/biergarten5-150x100.jpg 150w\" sizes=\"(max-width: 720px) 100vw, 720px\" \/><\/figure><\/li><li class=\"blocks-gallery-item\"><figure><img decoding=\"async\" width=\"720\" height=\"480\" src=\"http:\/\/www.lammharburg.de\/wp-content\/uploads\/2019\/10\/biergarten6.jpg\" alt=\"\" data-id=\"1011\" data-link=\"http:\/\/www.lammharburg.de\/biergarten\/biergarten6\/\" class=\"wp-image-1011\" srcset=\"https:\/\/lamm-harburg.de\/wp-content\/uploads\/2019\/10\/biergarten6.jpg 720w, https:\/\/lamm-harburg.de\/wp-content\/uploads\/2019\/10\/biergarten6-300x200.jpg 300w, https:\/\/lamm-harburg.de\/wp-content\/uploads\/2019\/10\/biergarten6-150x100.jpg 150w\" sizes=\"(max-width: 720px) 100vw, 720px\" \/><\/figure><\/li><\/ul>","protected":false},"excerpt":{"rendered":"<p>Genie\u00dfen Sie die warme Jahreszeit in unserem Biergartendirekt an der W\u00f6rnitz! Ein toller Blick auf die Flusslandschaft der W\u00f6rnitz, welche direkt am Haus vorbei flie\u00dft. Dazu ein k\u00fchles Getr\u00e4nk und ein gutes Essen. So l\u00e4sst es sich gem\u00fctlich leben!<\/p>","protected":false},"author":1,"featured_media":0,"parent":0,"menu_order":0,"comment_status":"closed","ping_status":"closed","template":"template-wide-page.php","meta":[],"yoast_head":"<!-- This site is optimized with the Yoast SEO plugin v17.8 - https:\/\/yoast.com\/wordpress\/plugins\/seo\/ -->\n<title>Biergarten - Zum Goldenen Lamm<\/title>\n<meta name=\"robots\" content=\"index, follow, max-snippet:-1, max-image-preview:large, max-video-preview:-1\" \/>\n<link rel=\"canonical\" href=\"https:\/\/lamm-harburg.de\/en\/biergarten\/\" \/>\n<meta property=\"og:locale\" content=\"en_GB\" \/>\n<meta property=\"og:type\" content=\"article\" \/>\n<meta property=\"og:title\" content=\"Biergarten - Zum Goldenen Lamm\" \/>\n<meta property=\"og:description\" content=\"Genie\u00dfen Sie die warme Jahreszeit in unserem Biergartendirekt an der W\u00f6rnitz! Ein toller Blick auf die Flusslandschaft der W\u00f6rnitz, welche direkt am Haus vorbei flie\u00dft. Dazu ein k\u00fchles Getr\u00e4nk und ein gutes Essen. So l\u00e4sst es sich gem\u00fctlich leben!\" \/>\n<meta property=\"og:url\" content=\"https:\/\/lamm-harburg.de\/en\/biergarten\/\" \/>\n<meta property=\"og:site_name\" content=\"Zum Goldenen Lamm\" \/>\n<meta property=\"article:modified_time\" content=\"2019-10-11T17:04:21+00:00\" \/>\n<meta property=\"og:image\" content=\"http:\/\/www.lammharburg.de\/wp-content\/uploads\/2019\/10\/biergarten1.jpg\" \/>\n<meta name=\"twitter:card\" content=\"summary_large_image\" \/>\n<script type=\"application\/ld+json\" class=\"yoast-schema-graph\">{\"@context\":\"https:\/\/schema.org\",\"@graph\":[{\"@type\":\"Organization\",\"@id\":\"https:\/\/lamm-harburg.de\/en\/#organization\",\"name\":\"Hotel Gasthof zum Goldenen Lamm\",\"url\":\"https:\/\/lamm-harburg.de\/en\/\",\"sameAs\":[],\"logo\":{\"@type\":\"ImageObject\",\"@id\":\"https:\/\/lamm-harburg.de\/en\/#logo\",\"inLanguage\":\"en-GB\",\"url\":\"http:\/\/lamm-harburg.de\/wp-content\/uploads\/2019\/08\/Lamm-e1573944043302.png\",\"contentUrl\":\"http:\/\/lamm-harburg.de\/wp-content\/uploads\/2019\/08\/Lamm-e1573944043302.png\",\"width\":300,\"height\":119,\"caption\":\"Hotel Gasthof zum Goldenen Lamm\"},\"image\":{\"@id\":\"https:\/\/lamm-harburg.de\/en\/#logo\"}},{\"@type\":\"WebSite\",\"@id\":\"https:\/\/lamm-harburg.de\/en\/#website\",\"url\":\"https:\/\/lamm-harburg.de\/en\/\",\"name\":\"Zum Goldenen Lamm\",\"description\":\"\",\"publisher\":{\"@id\":\"https:\/\/lamm-harburg.de\/en\/#organization\"},\"potentialAction\":[{\"@type\":\"SearchAction\",\"target\":{\"@type\":\"EntryPoint\",\"urlTemplate\":\"https:\/\/lamm-harburg.de\/en\/?s={search_term_string}\"},\"query-input\":\"required name=search_term_string\"}],\"inLanguage\":\"en-GB\"},{\"@type\":\"ImageObject\",\"@id\":\"https:\/\/lamm-harburg.de\/en\/biergarten\/#primaryimage\",\"inLanguage\":\"en-GB\",\"url\":\"http:\/\/www.lammharburg.de\/wp-content\/uploads\/2019\/10\/biergarten1.jpg\",\"contentUrl\":\"http:\/\/www.lammharburg.de\/wp-content\/uploads\/2019\/10\/biergarten1.jpg\"},{\"@type\":\"WebPage\",\"@id\":\"https:\/\/lamm-harburg.de\/en\/biergarten\/#webpage\",\"url\":\"https:\/\/lamm-harburg.de\/en\/biergarten\/\",\"name\":\"Biergarten - Zum Goldenen Lamm\",\"isPartOf\":{\"@id\":\"https:\/\/lamm-harburg.de\/en\/#website\"},\"primaryImageOfPage\":{\"@id\":\"https:\/\/lamm-harburg.de\/en\/biergarten\/#primaryimage\"},\"datePublished\":\"2019-10-09T20:25:56+00:00\",\"dateModified\":\"2019-10-11T17:04:21+00:00\",\"breadcrumb\":{\"@id\":\"https:\/\/lamm-harburg.de\/en\/biergarten\/#breadcrumb\"},\"inLanguage\":\"en-GB\",\"potentialAction\":[{\"@type\":\"ReadAction\",\"target\":[\"https:\/\/lamm-harburg.de\/en\/biergarten\/\"]}]},{\"@type\":\"BreadcrumbList\",\"@id\":\"https:\/\/lamm-harburg.de\/en\/biergarten\/#breadcrumb\",\"itemListElement\":[{\"@type\":\"ListItem\",\"position\":1,\"name\":\"Startseite\",\"item\":\"https:\/\/lamm-harburg.de\/en\/\"},{\"@type\":\"ListItem\",\"position\":2,\"name\":\"Biergarten\"}]}]}<\/script>\n<!-- \/ Yoast SEO plugin. -->","yoast_head_json":{"title":"Biergarten - Zum Goldenen Lamm","robots":{"index":"index","follow":"follow","max-snippet":"max-snippet:-1","max-image-preview":"max-image-preview:large","max-video-preview":"max-video-preview:-1"},"canonical":"https:\/\/lamm-harburg.de\/en\/biergarten\/","og_locale":"en_GB","og_type":"article","og_title":"Biergarten - Zum Goldenen Lamm","og_description":"Genie\u00dfen Sie die warme Jahreszeit in unserem Biergartendirekt an der W\u00f6rnitz! Ein toller Blick auf die Flusslandschaft der W\u00f6rnitz, welche direkt am Haus vorbei flie\u00dft. Dazu ein k\u00fchles Getr\u00e4nk und ein gutes Essen. So l\u00e4sst es sich gem\u00fctlich leben!","og_url":"https:\/\/lamm-harburg.de\/en\/biergarten\/","og_site_name":"Zum Goldenen Lamm","article_modified_time":"2019-10-11T17:04:21+00:00","og_image":[{"url":"http:\/\/www.lammharburg.de\/wp-content\/uploads\/2019\/10\/biergarten1.jpg"}],"twitter_card":"summary_large_image","schema":{"@context":"https:\/\/schema.org","@graph":[{"@type":"Organization","@id":"https:\/\/lamm-harburg.de\/en\/#organization","name":"Hotel Gasthof zum Goldenen Lamm","url":"https:\/\/lamm-harburg.de\/en\/","sameAs":[],"logo":{"@type":"ImageObject","@id":"https:\/\/lamm-harburg.de\/en\/#logo","inLanguage":"en-GB","url":"http:\/\/lamm-harburg.de\/wp-content\/uploads\/2019\/08\/Lamm-e1573944043302.png","contentUrl":"http:\/\/lamm-harburg.de\/wp-content\/uploads\/2019\/08\/Lamm-e1573944043302.png","width":300,"height":119,"caption":"Hotel Gasthof zum Goldenen Lamm"},"image":{"@id":"https:\/\/lamm-harburg.de\/en\/#logo"}},{"@type":"WebSite","@id":"https:\/\/lamm-harburg.de\/en\/#website","url":"https:\/\/lamm-harburg.de\/en\/","name":"Zum Goldenen Lamm","description":"","publisher":{"@id":"https:\/\/lamm-harburg.de\/en\/#organization"},"potentialAction":[{"@type":"SearchAction","target":{"@type":"EntryPoint","urlTemplate":"https:\/\/lamm-harburg.de\/en\/?s={search_term_string}"},"query-input":"required name=search_term_string"}],"inLanguage":"en-GB"},{"@type":"ImageObject","@id":"https:\/\/lamm-harburg.de\/en\/biergarten\/#primaryimage","inLanguage":"en-GB","url":"http:\/\/www.lammharburg.de\/wp-content\/uploads\/2019\/10\/biergarten1.jpg","contentUrl":"http:\/\/www.lammharburg.de\/wp-content\/uploads\/2019\/10\/biergarten1.jpg"},{"@type":"WebPage","@id":"https:\/\/lamm-harburg.de\/en\/biergarten\/#webpage","url":"https:\/\/lamm-harburg.de\/en\/biergarten\/","name":"Biergarten - Zum Goldenen Lamm","isPartOf":{"@id":"https:\/\/lamm-harburg.de\/en\/#website"},"primaryImageOfPage":{"@id":"https:\/\/lamm-harburg.de\/en\/biergarten\/#primaryimage"},"datePublished":"2019-10-09T20:25:56+00:00","dateModified":"2019-10-11T17:04:21+00:00","breadcrumb":{"@id":"https:\/\/lamm-harburg.de\/en\/biergarten\/#breadcrumb"},"inLanguage":"en-GB","potentialAction":[{"@type":"ReadAction","target":["https:\/\/lamm-harburg.de\/en\/biergarten\/"]}]},{"@type":"BreadcrumbList","@id":"https:\/\/lamm-harburg.de\/en\/biergarten\/#breadcrumb","itemListElement":[{"@type":"ListItem","position":1,"name":"Startseite","item":"https:\/\/lamm-harburg.de\/en\/"},{"@type":"ListItem","position":2,"name":"Biergarten"}]}]}},"_links":{"self":[{"href":"https:\/\/lamm-harburg.de\/en\/wp-json\/wp\/v2\/pages\/1002"}],"collection":[{"href":"https:\/\/lamm-harburg.de\/en\/wp-json\/wp\/v2\/pages"}],"about":[{"href":"https:\/\/lamm-harburg.de\/en\/wp-json\/wp\/v2\/types\/page"}],"author":[{"embeddable":true,"href":"https:\/\/lamm-harburg.de\/en\/wp-json\/wp\/v2\/users\/1"}],"replies":[{"embeddable":true,"href":"https:\/\/lamm-harburg.de\/en\/wp-json\/wp\/v2\/comments?post=1002"}],"version-history":[{"count":4,"href":"https:\/\/lamm-harburg.de\/en\/wp-json\/wp\/v2\/pages\/1002\/revisions"}],"predecessor-version":[{"id":1013,"href":"https:\/\/lamm-harburg.de\/en\/wp-json\/wp\/v2\/pages\/1002\/revisions\/1013"}],"wp:attachment":[{"href":"https:\/\/lamm-harburg.de\/en\/wp-json\/wp\/v2\/media?parent=1002"}],"curies":[{"name":"wp","href":"https:\/\/api.w.org\/{rel}","templated":true}]}}