{"id":42,"date":"2018-11-13T13:28:34","date_gmt":"2018-11-13T13:28:34","guid":{"rendered":"https:\/\/themes.getmotopress.com\/palmeria\/?page_id=42"},"modified":"2019-12-15T16:29:20","modified_gmt":"2019-12-15T16:29:20","slug":"startseite","status":"publish","type":"page","link":"https:\/\/lamm-harburg.de\/en\/","title":{"rendered":"Gr\u00fc\u00df Gott at the Hotel Gasthof zum Goldenen Lamm"},"content":{"rendered":"<h2 id=\"\u201d#anchor-link-info\u201d\"><\/h2>","protected":false},"excerpt":{"rendered":"<p>For almost 500 years the name of our house has stood for hospitality and good food in the middle of the historic old town of Harburg in Swabia.<\/p>","protected":false},"author":1,"featured_media":1268,"parent":0,"menu_order":0,"comment_status":"closed","ping_status":"closed","template":"template-front-page.php","meta":[],"yoast_head":"<!-- This site is optimized with the Yoast SEO plugin v17.8 - https:\/\/yoast.com\/wordpress\/plugins\/seo\/ -->\n<title>Gr\u00fc\u00df Gott beim Hotel Gasthof zum Goldenen Lamm<\/title>\n<meta name=\"description\" content=\"Seit fast 500 Jahren steht der Name unseres Hauses f\u00fcr Gastfreundschaft und gutes Essen inmitten der historischen Altstadt Harburgs in Schwaben.\" \/>\n<meta name=\"robots\" content=\"index, follow, max-snippet:-1, max-image-preview:large, max-video-preview:-1\" \/>\n<link rel=\"canonical\" href=\"https:\/\/lamm-harburg.de\/en\/\" \/>\n<meta property=\"og:locale\" content=\"en_GB\" \/>\n<meta property=\"og:type\" content=\"article\" \/>\n<meta property=\"og:title\" content=\"Gr\u00fc\u00df Gott beim Hotel Gasthof zum Goldenen Lamm\" \/>\n<meta property=\"og:description\" content=\"Seit fast 500 Jahren steht der Name unseres Hauses f\u00fcr Gastfreundschaft und gutes Essen inmitten der historischen Altstadt Harburgs in Schwaben.\" \/>\n<meta property=\"og:url\" content=\"https:\/\/lamm-harburg.de\/en\/\" \/>\n<meta property=\"og:site_name\" content=\"Zum Goldenen Lamm\" \/>\n<meta property=\"article:modified_time\" content=\"2019-12-15T16:29:20+00:00\" \/>\n<meta property=\"og:image\" content=\"https:\/\/lamm-harburg.de\/wp-content\/uploads\/2019\/11\/Bild-1252-scaled.jpg\" \/>\n\t<meta property=\"og:image:width\" content=\"2048\" \/>\n\t<meta property=\"og:image:height\" content=\"1360\" \/>\n<meta name=\"twitter:card\" content=\"summary_large_image\" \/>\n<script type=\"application\/ld+json\" class=\"yoast-schema-graph\">{\"@context\":\"https:\/\/schema.org\",\"@graph\":[{\"@type\":\"Organization\",\"@id\":\"https:\/\/lamm-harburg.de\/en\/#organization\",\"name\":\"Hotel Gasthof zum Goldenen Lamm\",\"url\":\"https:\/\/lamm-harburg.de\/en\/\",\"sameAs\":[],\"logo\":{\"@type\":\"ImageObject\",\"@id\":\"https:\/\/lamm-harburg.de\/en\/#logo\",\"inLanguage\":\"en-GB\",\"url\":\"http:\/\/lamm-harburg.de\/wp-content\/uploads\/2019\/08\/Lamm-e1573944043302.png\",\"contentUrl\":\"http:\/\/lamm-harburg.de\/wp-content\/uploads\/2019\/08\/Lamm-e1573944043302.png\",\"width\":300,\"height\":119,\"caption\":\"Hotel Gasthof zum Goldenen Lamm\"},\"image\":{\"@id\":\"https:\/\/lamm-harburg.de\/en\/#logo\"}},{\"@type\":\"WebSite\",\"@id\":\"https:\/\/lamm-harburg.de\/en\/#website\",\"url\":\"https:\/\/lamm-harburg.de\/en\/\",\"name\":\"Zum Goldenen Lamm\",\"description\":\"\",\"publisher\":{\"@id\":\"https:\/\/lamm-harburg.de\/en\/#organization\"},\"potentialAction\":[{\"@type\":\"SearchAction\",\"target\":{\"@type\":\"EntryPoint\",\"urlTemplate\":\"https:\/\/lamm-harburg.de\/en\/?s={search_term_string}\"},\"query-input\":\"required name=search_term_string\"}],\"inLanguage\":\"en-GB\"},{\"@type\":\"ImageObject\",\"@id\":\"https:\/\/lamm-harburg.de\/en\/#primaryimage\",\"inLanguage\":\"en-GB\",\"url\":\"https:\/\/lamm-harburg.de\/wp-content\/uploads\/2019\/11\/Bild-1252-scaled.jpg\",\"contentUrl\":\"https:\/\/lamm-harburg.de\/wp-content\/uploads\/2019\/11\/Bild-1252-scaled.jpg\",\"width\":2048,\"height\":1360},{\"@type\":\"WebPage\",\"@id\":\"https:\/\/lamm-harburg.de\/en\/#webpage\",\"url\":\"https:\/\/lamm-harburg.de\/en\/\",\"name\":\"Gr\\u00fc\\u00df Gott beim Hotel Gasthof zum Goldenen Lamm\",\"isPartOf\":{\"@id\":\"https:\/\/lamm-harburg.de\/en\/#website\"},\"primaryImageOfPage\":{\"@id\":\"https:\/\/lamm-harburg.de\/en\/#primaryimage\"},\"datePublished\":\"2018-11-13T13:28:34+00:00\",\"dateModified\":\"2019-12-15T16:29:20+00:00\",\"description\":\"Seit fast 500 Jahren steht der Name unseres Hauses f\\u00fcr Gastfreundschaft und gutes Essen inmitten der historischen Altstadt Harburgs in Schwaben.\",\"breadcrumb\":{\"@id\":\"https:\/\/lamm-harburg.de\/en\/#breadcrumb\"},\"inLanguage\":\"en-GB\",\"potentialAction\":[{\"@type\":\"ReadAction\",\"target\":[\"https:\/\/lamm-harburg.de\/en\/\"]}]},{\"@type\":\"BreadcrumbList\",\"@id\":\"https:\/\/lamm-harburg.de\/en\/#breadcrumb\",\"itemListElement\":[{\"@type\":\"ListItem\",\"position\":1,\"name\":\"Startseite\",\"item\":\"https:\/\/lamm-harburg.de\/en\/\"},{\"@type\":\"ListItem\",\"position\":2,\"name\":\"Gr\\u00fc\\u00df Gott beim Hotel Gasthof zum Goldenen Lamm\"}]}]}<\/script>\n<!-- \/ Yoast SEO plugin. -->","yoast_head_json":{"title":"Gr\u00fc\u00df Gott beim Hotel Gasthof zum Goldenen Lamm","description":"Seit fast 500 Jahren steht der Name unseres Hauses f\u00fcr Gastfreundschaft und gutes Essen inmitten der historischen Altstadt Harburgs in Schwaben.","robots":{"index":"index","follow":"follow","max-snippet":"max-snippet:-1","max-image-preview":"max-image-preview:large","max-video-preview":"max-video-preview:-1"},"canonical":"https:\/\/lamm-harburg.de\/en\/","og_locale":"en_GB","og_type":"article","og_title":"Gr\u00fc\u00df Gott beim Hotel Gasthof zum Goldenen Lamm","og_description":"Seit fast 500 Jahren steht der Name unseres Hauses f\u00fcr Gastfreundschaft und gutes Essen inmitten der historischen Altstadt Harburgs in Schwaben.","og_url":"https:\/\/lamm-harburg.de\/en\/","og_site_name":"Zum Goldenen Lamm","article_modified_time":"2019-12-15T16:29:20+00:00","og_image":[{"width":2048,"height":1360,"url":"https:\/\/lamm-harburg.de\/wp-content\/uploads\/2019\/11\/Bild-1252-scaled.jpg","type":"image\/jpeg"}],"twitter_card":"summary_large_image","schema":{"@context":"https:\/\/schema.org","@graph":[{"@type":"Organization","@id":"https:\/\/lamm-harburg.de\/en\/#organization","name":"Hotel Gasthof zum Goldenen Lamm","url":"https:\/\/lamm-harburg.de\/en\/","sameAs":[],"logo":{"@type":"ImageObject","@id":"https:\/\/lamm-harburg.de\/en\/#logo","inLanguage":"en-GB","url":"http:\/\/lamm-harburg.de\/wp-content\/uploads\/2019\/08\/Lamm-e1573944043302.png","contentUrl":"http:\/\/lamm-harburg.de\/wp-content\/uploads\/2019\/08\/Lamm-e1573944043302.png","width":300,"height":119,"caption":"Hotel Gasthof zum Goldenen Lamm"},"image":{"@id":"https:\/\/lamm-harburg.de\/en\/#logo"}},{"@type":"WebSite","@id":"https:\/\/lamm-harburg.de\/en\/#website","url":"https:\/\/lamm-harburg.de\/en\/","name":"Zum Goldenen Lamm","description":"","publisher":{"@id":"https:\/\/lamm-harburg.de\/en\/#organization"},"potentialAction":[{"@type":"SearchAction","target":{"@type":"EntryPoint","urlTemplate":"https:\/\/lamm-harburg.de\/en\/?s={search_term_string}"},"query-input":"required name=search_term_string"}],"inLanguage":"en-GB"},{"@type":"ImageObject","@id":"https:\/\/lamm-harburg.de\/en\/#primaryimage","inLanguage":"en-GB","url":"https:\/\/lamm-harburg.de\/wp-content\/uploads\/2019\/11\/Bild-1252-scaled.jpg","contentUrl":"https:\/\/lamm-harburg.de\/wp-content\/uploads\/2019\/11\/Bild-1252-scaled.jpg","width":2048,"height":1360},{"@type":"WebPage","@id":"https:\/\/lamm-harburg.de\/en\/#webpage","url":"https:\/\/lamm-harburg.de\/en\/","name":"Gr\u00fc\u00df Gott beim Hotel Gasthof zum Goldenen Lamm","isPartOf":{"@id":"https:\/\/lamm-harburg.de\/en\/#website"},"primaryImageOfPage":{"@id":"https:\/\/lamm-harburg.de\/en\/#primaryimage"},"datePublished":"2018-11-13T13:28:34+00:00","dateModified":"2019-12-15T16:29:20+00:00","description":"Seit fast 500 Jahren steht der Name unseres Hauses f\u00fcr Gastfreundschaft und gutes Essen inmitten der historischen Altstadt Harburgs in Schwaben.","breadcrumb":{"@id":"https:\/\/lamm-harburg.de\/en\/#breadcrumb"},"inLanguage":"en-GB","potentialAction":[{"@type":"ReadAction","target":["https:\/\/lamm-harburg.de\/en\/"]}]},{"@type":"BreadcrumbList","@id":"https:\/\/lamm-harburg.de\/en\/#breadcrumb","itemListElement":[{"@type":"ListItem","position":1,"name":"Startseite","item":"https:\/\/lamm-harburg.de\/en\/"},{"@type":"ListItem","position":2,"name":"Gr\u00fc\u00df Gott beim Hotel Gasthof zum Goldenen Lamm"}]}]}},"_links":{"self":[{"href":"https:\/\/lamm-harburg.de\/en\/wp-json\/wp\/v2\/pages\/42"}],"collection":[{"href":"https:\/\/lamm-harburg.de\/en\/wp-json\/wp\/v2\/pages"}],"about":[{"href":"https:\/\/lamm-harburg.de\/en\/wp-json\/wp\/v2\/types\/page"}],"author":[{"embeddable":true,"href":"https:\/\/lamm-harburg.de\/en\/wp-json\/wp\/v2\/users\/1"}],"replies":[{"embeddable":true,"href":"https:\/\/lamm-harburg.de\/en\/wp-json\/wp\/v2\/comments?post=42"}],"version-history":[{"count":5,"href":"https:\/\/lamm-harburg.de\/en\/wp-json\/wp\/v2\/pages\/42\/revisions"}],"predecessor-version":[{"id":1045,"href":"https:\/\/lamm-harburg.de\/en\/wp-json\/wp\/v2\/pages\/42\/revisions\/1045"}],"wp:featuredmedia":[{"embeddable":true,"href":"https:\/\/lamm-harburg.de\/en\/wp-json\/wp\/v2\/media\/1268"}],"wp:attachment":[{"href":"https:\/\/lamm-harburg.de\/en\/wp-json\/wp\/v2\/media?parent=42"}],"curies":[{"name":"wp","href":"https:\/\/api.w.org\/{rel}","templated":true}]}}