{"id":790,"date":"2019-08-24T12:08:09","date_gmt":"2019-08-24T12:08:09","guid":{"rendered":"http:\/\/www.lammharburg.de\/?page_id=790"},"modified":"2019-12-11T21:19:45","modified_gmt":"2019-12-11T21:19:45","slug":"unser-hotel","status":"publish","type":"page","link":"https:\/\/lamm-harburg.de\/en\/unser-hotel\/","title":{"rendered":"Unser Hotel"},"content":{"rendered":"<div class=\"wp-block-getwid-images-slider has-arrows-ouside has-dots-ouside is-carousel has-slides-gap-small has-images-center\"><div class=\"wp-block-getwid-images-slider__wrapper\" data-effect=\"slide\" data-slides-show=\"2\" data-slides-show-laptop=\"2\" data-slides-show-tablet=\"2\" data-slides-show-mobile=\"1\" data-slides-scroll=\"1\" data-autoplay=\"true\" data-autoplay-speed=\"6000\" data-infinite=\"true\" data-animation-speed=\"800\" data-center-mode=\"true\" data-variable-width=\"false\" data-arrows=\"ouside\" data-dots=\"ouside\" data-spacing=\"small\"><div class=\"wp-block-getwid-images-slider__item\"><img decoding=\"async\" width=\"1024\" height=\"680\" src=\"http:\/\/www.lammharburg.de\/wp-content\/uploads\/2019\/11\/Bild-1294-1024x680.jpg\" alt=\"\" data-id=\"1272\" data-link=\"http:\/\/www.lammharburg.de\/unser-hotel\/bild-1294\/\" class=\"wp-block-getwid-images-slider__image wp-image-1272\" srcset=\"https:\/\/lamm-harburg.de\/wp-content\/uploads\/2019\/11\/Bild-1294-1024x680.jpg 1024w, https:\/\/lamm-harburg.de\/wp-content\/uploads\/2019\/11\/Bild-1294-300x199.jpg 300w, https:\/\/lamm-harburg.de\/wp-content\/uploads\/2019\/11\/Bild-1294-768x510.jpg 768w, https:\/\/lamm-harburg.de\/wp-content\/uploads\/2019\/11\/Bild-1294-1536x1020.jpg 1536w, https:\/\/lamm-harburg.de\/wp-content\/uploads\/2019\/11\/Bild-1294-scaled.jpg 2048w, https:\/\/lamm-harburg.de\/wp-content\/uploads\/2019\/11\/Bild-1294-892x592.jpg 892w, https:\/\/lamm-harburg.de\/wp-content\/uploads\/2019\/11\/Bild-1294-150x100.jpg 150w\" sizes=\"(max-width: 1024px) 100vw, 1024px\" \/><\/div><div class=\"wp-block-getwid-images-slider__item\"><img decoding=\"async\" width=\"721\" height=\"480\" src=\"http:\/\/www.lammharburg.de\/wp-content\/uploads\/2019\/11\/lamm_mainpage.jpg\" alt=\"\" data-id=\"1274\" data-link=\"http:\/\/www.lammharburg.de\/unser-hotel\/lamm_mainpage\/\" class=\"wp-block-getwid-images-slider__image wp-image-1274\" srcset=\"https:\/\/lamm-harburg.de\/wp-content\/uploads\/2019\/11\/lamm_mainpage.jpg 721w, https:\/\/lamm-harburg.de\/wp-content\/uploads\/2019\/11\/lamm_mainpage-300x200.jpg 300w, https:\/\/lamm-harburg.de\/wp-content\/uploads\/2019\/11\/lamm_mainpage-150x100.jpg 150w\" sizes=\"(max-width: 721px) 100vw, 721px\" \/><\/div><div class=\"wp-block-getwid-images-slider__item\"><img decoding=\"async\" width=\"1024\" height=\"680\" src=\"http:\/\/www.lammharburg.de\/wp-content\/uploads\/2019\/11\/Bild-1287-1024x680.jpg\" alt=\"\" data-id=\"1270\" data-link=\"http:\/\/www.lammharburg.de\/unser-hotel\/bild-1287\/\" class=\"wp-block-getwid-images-slider__image wp-image-1270\" srcset=\"https:\/\/lamm-harburg.de\/wp-content\/uploads\/2019\/11\/Bild-1287-1024x680.jpg 1024w, https:\/\/lamm-harburg.de\/wp-content\/uploads\/2019\/11\/Bild-1287-300x199.jpg 300w, https:\/\/lamm-harburg.de\/wp-content\/uploads\/2019\/11\/Bild-1287-768x510.jpg 768w, https:\/\/lamm-harburg.de\/wp-content\/uploads\/2019\/11\/Bild-1287-1536x1020.jpg 1536w, https:\/\/lamm-harburg.de\/wp-content\/uploads\/2019\/11\/Bild-1287-scaled.jpg 2048w, https:\/\/lamm-harburg.de\/wp-content\/uploads\/2019\/11\/Bild-1287-892x592.jpg 892w, https:\/\/lamm-harburg.de\/wp-content\/uploads\/2019\/11\/Bild-1287-150x100.jpg 150w\" sizes=\"(max-width: 1024px) 100vw, 1024px\" \/><\/div><div class=\"wp-block-getwid-images-slider__item\"><img decoding=\"async\" width=\"1024\" height=\"680\" src=\"http:\/\/www.lammharburg.de\/wp-content\/uploads\/2019\/11\/Bild-1252-1024x680.jpg\" alt=\"\" data-id=\"1268\" data-link=\"http:\/\/www.lammharburg.de\/unser-hotel\/bild-1252\/\" class=\"wp-block-getwid-images-slider__image wp-image-1268\" srcset=\"https:\/\/lamm-harburg.de\/wp-content\/uploads\/2019\/11\/Bild-1252-1024x680.jpg 1024w, https:\/\/lamm-harburg.de\/wp-content\/uploads\/2019\/11\/Bild-1252-300x199.jpg 300w, https:\/\/lamm-harburg.de\/wp-content\/uploads\/2019\/11\/Bild-1252-768x510.jpg 768w, https:\/\/lamm-harburg.de\/wp-content\/uploads\/2019\/11\/Bild-1252-1536x1020.jpg 1536w, https:\/\/lamm-harburg.de\/wp-content\/uploads\/2019\/11\/Bild-1252-scaled.jpg 2048w, https:\/\/lamm-harburg.de\/wp-content\/uploads\/2019\/11\/Bild-1252-892x592.jpg 892w, https:\/\/lamm-harburg.de\/wp-content\/uploads\/2019\/11\/Bild-1252-150x100.jpg 150w\" sizes=\"(max-width: 1024px) 100vw, 1024px\" \/><\/div><div class=\"wp-block-getwid-images-slider__item\"><img decoding=\"async\" width=\"1024\" height=\"680\" src=\"http:\/\/www.lammharburg.de\/wp-content\/uploads\/2019\/11\/Bild-1265-1024x680.jpg\" alt=\"\" data-id=\"1269\" data-link=\"http:\/\/www.lammharburg.de\/unser-hotel\/bild-1265\/\" class=\"wp-block-getwid-images-slider__image wp-image-1269\" srcset=\"https:\/\/lamm-harburg.de\/wp-content\/uploads\/2019\/11\/Bild-1265-1024x680.jpg 1024w, https:\/\/lamm-harburg.de\/wp-content\/uploads\/2019\/11\/Bild-1265-300x199.jpg 300w, https:\/\/lamm-harburg.de\/wp-content\/uploads\/2019\/11\/Bild-1265-768x510.jpg 768w, https:\/\/lamm-harburg.de\/wp-content\/uploads\/2019\/11\/Bild-1265-1536x1020.jpg 1536w, https:\/\/lamm-harburg.de\/wp-content\/uploads\/2019\/11\/Bild-1265-scaled.jpg 2048w, https:\/\/lamm-harburg.de\/wp-content\/uploads\/2019\/11\/Bild-1265-892x592.jpg 892w, https:\/\/lamm-harburg.de\/wp-content\/uploads\/2019\/11\/Bild-1265-150x100.jpg 150w\" sizes=\"(max-width: 1024px) 100vw, 1024px\" \/><\/div><div class=\"wp-block-getwid-images-slider__item\"><img decoding=\"async\" width=\"1024\" height=\"680\" src=\"http:\/\/www.lammharburg.de\/wp-content\/uploads\/2019\/11\/Bild-1304-1024x680.jpg\" alt=\"\" data-id=\"1273\" data-link=\"http:\/\/www.lammharburg.de\/unser-hotel\/bild-1304\/\" class=\"wp-block-getwid-images-slider__image wp-image-1273\" srcset=\"https:\/\/lamm-harburg.de\/wp-content\/uploads\/2019\/11\/Bild-1304-1024x680.jpg 1024w, https:\/\/lamm-harburg.de\/wp-content\/uploads\/2019\/11\/Bild-1304-300x199.jpg 300w, https:\/\/lamm-harburg.de\/wp-content\/uploads\/2019\/11\/Bild-1304-768x510.jpg 768w, https:\/\/lamm-harburg.de\/wp-content\/uploads\/2019\/11\/Bild-1304-1536x1020.jpg 1536w, https:\/\/lamm-harburg.de\/wp-content\/uploads\/2019\/11\/Bild-1304-scaled.jpg 2048w, https:\/\/lamm-harburg.de\/wp-content\/uploads\/2019\/11\/Bild-1304-892x592.jpg 892w, https:\/\/lamm-harburg.de\/wp-content\/uploads\/2019\/11\/Bild-1304-150x100.jpg 150w\" sizes=\"(max-width: 1024px) 100vw, 1024px\" \/><\/div><\/div><\/div>\n\n\n\n<h4><strong>Ob Urlauber, Gesch\u00e4ftsreisende oder Monteure: Wir haben f\u00fcr alle G\u00e4ste das passende Zimmer!<\/strong><\/h4>\n\n\n\n<ul><li>Sie reisen &#8211; allein, in der Gruppe oder mit Ihrer Familie &#8211; auf der Romantischen Stra\u00dfe, dem Frankenweg<br>oder durch eines der zahlreichen Feriengebiete im Umland? Dank der zentralen Lage Harburgs bietet sich<br>unser Hotel ideal als Ausgangspunkt wie Durchgangsstation Ihrer Reise an.<\/li><li>Oder Sie befinden sich auf Gesch\u00e4ftsreise in der Region? Unsere R\u00e4umlichkeiten eignen sich bestens<br>f\u00fcr Tagungen und Besprechungen. Unser Service-Personal ist immer in Ihrer N\u00e4he!<\/li><li>Ideal f\u00fcr Monteure und Fr\u00fchaufsteher: Unser Fr\u00fchst\u00fccksb\u00fcffet beginnt bereits um 6:15 Uhr.<\/li><\/ul>\n\n\n\n<h4><strong>Das Hotel<\/strong><\/h4>\n\n\n\n<ul><li>10 rooms: four single and four double rooms, one triple room and one four-bed \/ family room.<br>Das Hotel bietet Platz f\u00fcr bis zu 16 G\u00e4ste.<\/li><li>Zwei Kategorien:&nbsp;<strong>Standard<\/strong>&nbsp;und&nbsp;<strong>Flair<\/strong><\/li><li><strong>H\u00f6chster Komfort<\/strong>&nbsp;dank moderner Einrichtung. Jedes Zimmer verf\u00fcgt \u00fcber ein eigenes Bad mit Dusche \/ WC<br>und ist mit TV und&nbsp;<strong>kostenfreiem Internet per W-LAN<\/strong>&nbsp;ausgestattet.<\/li><li><strong>Ambiente:<\/strong>&nbsp;F\u00fcr eine ganz spezielle Atmosph\u00e4re sorgt in jedem Zimmer ein wundervoller Ausblick auf den<br>Burgfelsen mit der Harburg oder auf die Flusslandschaft der W\u00f6rnitz.<\/li><li><strong>Fr\u00fchst\u00fcck:<\/strong>&nbsp;Im Preis f\u00fcr die \u00dcbernachtung ist das Fr\u00fchst\u00fcck bereits inbegriffen.<br>Unser reichhaltiges Fr\u00fchst\u00fccksb\u00fcffet \u00f6ffnet &#8211; ideal f\u00fcr Monteure und Fr\u00fchaufsteher &#8211; bereits<br>um&nbsp;<strong>6:15 Uhr<\/strong>&nbsp;und endet um&nbsp;<strong>10:00 Uhr<\/strong>.<\/li><li><strong>F\u00fcr mehr Informationen:<\/strong>&nbsp;Klicken Sie sich durch die einzelnen Zimmer und werfen Sie einen Blick hinein!<\/li><\/ul>\n\n\n\n<p>Damit Sie Ihren Aufenthalt bei uns rundum genie\u00dfen k\u00f6nnen, steht Ihnen unser&nbsp;<strong>Service-Personal<\/strong>&nbsp;zur Verf\u00fcgung!<br><\/p>\n\n\n\n<div class=\"is-layout-flex wp-container-3 wp-block-columns has-2-columns\">\n<div class=\"is-layout-flow wp-block-column\">\n<div class=\"wp-block-button aligncenter\"><a class=\"wp-block-button__link\" href=\"http:\/\/www.lammharburg.de\/zimmer\/\">Zimmer Anzeigen<\/a><\/div>\n<\/div>\n\n\n\n<div class=\"is-layout-flow wp-block-column\">\n<div class=\"wp-block-button aligncenter\"><a class=\"wp-block-button__link\" href=\"https:\/\/tbooking.toubiz.de\/GER00020060966116360\/tbooking?globalReset=1\" target=\"_blank\" rel=\"noreferrer noopener\">Direkt Buchen<\/a><\/div>\n<\/div>\n<\/div>","protected":false},"excerpt":{"rendered":"<p>Ob Urlauber, Gesch\u00e4ftsreisende oder Monteure: Wir haben f\u00fcr alle G\u00e4ste das passende Zimmer! Sie reisen &#8211; allein, in der Gruppe oder mit Ihrer Familie &#8211; auf der Romantischen Stra\u00dfe, dem Frankenwegoder durch eines der zahlreichen Feriengebiete im Umland? Dank der zentralen Lage Harburgs bietet sichunser Hotel ideal als Ausgangspunkt wie Durchgangsstation Ihrer Reise an. Oder [&hellip;]<\/p>","protected":false},"author":1,"featured_media":0,"parent":0,"menu_order":0,"comment_status":"closed","ping_status":"closed","template":"template-wide-page.php","meta":[],"yoast_head":"<!-- This site is optimized with the Yoast SEO plugin v17.8 - https:\/\/yoast.com\/wordpress\/plugins\/seo\/ -->\n<title>Unser Hotel - Zum Goldenen Lamm<\/title>\n<meta name=\"description\" content=\"Ob Urlauber, Gesch\u00e4ftsreisende oder Monteure: Wir haben f\u00fcr alle G\u00e4ste das passende Zimmer! 10 Zimmer warten bereits auf Ihren besuch.\" \/>\n<meta name=\"robots\" content=\"index, follow, max-snippet:-1, max-image-preview:large, max-video-preview:-1\" \/>\n<link rel=\"canonical\" href=\"https:\/\/lamm-harburg.de\/en\/unser-hotel\/\" \/>\n<meta property=\"og:locale\" content=\"en_GB\" \/>\n<meta property=\"og:type\" content=\"article\" \/>\n<meta property=\"og:title\" content=\"Unser Hotel - Zum Goldenen Lamm\" \/>\n<meta property=\"og:description\" content=\"Ob Urlauber, Gesch\u00e4ftsreisende oder Monteure: Wir haben f\u00fcr alle G\u00e4ste das passende Zimmer! 10 Zimmer warten bereits auf Ihren besuch.\" \/>\n<meta property=\"og:url\" content=\"https:\/\/lamm-harburg.de\/en\/unser-hotel\/\" \/>\n<meta property=\"og:site_name\" content=\"Zum Goldenen Lamm\" \/>\n<meta property=\"article:modified_time\" content=\"2019-12-11T21:19:45+00:00\" \/>\n<meta property=\"og:image\" content=\"http:\/\/www.lammharburg.de\/wp-content\/uploads\/2019\/11\/Bild-1294-1024x680.jpg\" \/>\n<meta name=\"twitter:card\" content=\"summary_large_image\" \/>\n<meta name=\"twitter:label1\" content=\"Estimated reading time\" \/>\n\t<meta name=\"twitter:data1\" content=\"1 minute\" \/>\n<script type=\"application\/ld+json\" class=\"yoast-schema-graph\">{\"@context\":\"https:\/\/schema.org\",\"@graph\":[{\"@type\":\"Organization\",\"@id\":\"https:\/\/lamm-harburg.de\/en\/#organization\",\"name\":\"Hotel Gasthof zum Goldenen Lamm\",\"url\":\"https:\/\/lamm-harburg.de\/en\/\",\"sameAs\":[],\"logo\":{\"@type\":\"ImageObject\",\"@id\":\"https:\/\/lamm-harburg.de\/en\/#logo\",\"inLanguage\":\"en-GB\",\"url\":\"http:\/\/lamm-harburg.de\/wp-content\/uploads\/2019\/08\/Lamm-e1573944043302.png\",\"contentUrl\":\"http:\/\/lamm-harburg.de\/wp-content\/uploads\/2019\/08\/Lamm-e1573944043302.png\",\"width\":300,\"height\":119,\"caption\":\"Hotel Gasthof zum Goldenen Lamm\"},\"image\":{\"@id\":\"https:\/\/lamm-harburg.de\/en\/#logo\"}},{\"@type\":\"WebSite\",\"@id\":\"https:\/\/lamm-harburg.de\/en\/#website\",\"url\":\"https:\/\/lamm-harburg.de\/en\/\",\"name\":\"Zum Goldenen Lamm\",\"description\":\"\",\"publisher\":{\"@id\":\"https:\/\/lamm-harburg.de\/en\/#organization\"},\"potentialAction\":[{\"@type\":\"SearchAction\",\"target\":{\"@type\":\"EntryPoint\",\"urlTemplate\":\"https:\/\/lamm-harburg.de\/en\/?s={search_term_string}\"},\"query-input\":\"required name=search_term_string\"}],\"inLanguage\":\"en-GB\"},{\"@type\":\"ImageObject\",\"@id\":\"https:\/\/lamm-harburg.de\/en\/unser-hotel\/#primaryimage\",\"inLanguage\":\"en-GB\",\"url\":\"http:\/\/www.lammharburg.de\/wp-content\/uploads\/2019\/11\/Bild-1294-1024x680.jpg\",\"contentUrl\":\"http:\/\/www.lammharburg.de\/wp-content\/uploads\/2019\/11\/Bild-1294-1024x680.jpg\"},{\"@type\":\"WebPage\",\"@id\":\"https:\/\/lamm-harburg.de\/en\/unser-hotel\/#webpage\",\"url\":\"https:\/\/lamm-harburg.de\/en\/unser-hotel\/\",\"name\":\"Unser Hotel - Zum Goldenen Lamm\",\"isPartOf\":{\"@id\":\"https:\/\/lamm-harburg.de\/en\/#website\"},\"primaryImageOfPage\":{\"@id\":\"https:\/\/lamm-harburg.de\/en\/unser-hotel\/#primaryimage\"},\"datePublished\":\"2019-08-24T12:08:09+00:00\",\"dateModified\":\"2019-12-11T21:19:45+00:00\",\"description\":\"Ob Urlauber, Gesch\\u00e4ftsreisende oder Monteure: Wir haben f\\u00fcr alle G\\u00e4ste das passende Zimmer! 10 Zimmer warten bereits auf Ihren besuch.\",\"breadcrumb\":{\"@id\":\"https:\/\/lamm-harburg.de\/en\/unser-hotel\/#breadcrumb\"},\"inLanguage\":\"en-GB\",\"potentialAction\":[{\"@type\":\"ReadAction\",\"target\":[\"https:\/\/lamm-harburg.de\/en\/unser-hotel\/\"]}]},{\"@type\":\"BreadcrumbList\",\"@id\":\"https:\/\/lamm-harburg.de\/en\/unser-hotel\/#breadcrumb\",\"itemListElement\":[{\"@type\":\"ListItem\",\"position\":1,\"name\":\"Startseite\",\"item\":\"https:\/\/lamm-harburg.de\/en\/\"},{\"@type\":\"ListItem\",\"position\":2,\"name\":\"Unser Hotel\"}]}]}<\/script>\n<!-- \/ Yoast SEO plugin. -->","yoast_head_json":{"title":"Unser Hotel - Zum Goldenen Lamm","description":"Ob Urlauber, Gesch\u00e4ftsreisende oder Monteure: Wir haben f\u00fcr alle G\u00e4ste das passende Zimmer! 10 Zimmer warten bereits auf Ihren besuch.","robots":{"index":"index","follow":"follow","max-snippet":"max-snippet:-1","max-image-preview":"max-image-preview:large","max-video-preview":"max-video-preview:-1"},"canonical":"https:\/\/lamm-harburg.de\/en\/unser-hotel\/","og_locale":"en_GB","og_type":"article","og_title":"Unser Hotel - Zum Goldenen Lamm","og_description":"Ob Urlauber, Gesch\u00e4ftsreisende oder Monteure: Wir haben f\u00fcr alle G\u00e4ste das passende Zimmer! 10 Zimmer warten bereits auf Ihren besuch.","og_url":"https:\/\/lamm-harburg.de\/en\/unser-hotel\/","og_site_name":"Zum Goldenen Lamm","article_modified_time":"2019-12-11T21:19:45+00:00","og_image":[{"url":"http:\/\/www.lammharburg.de\/wp-content\/uploads\/2019\/11\/Bild-1294-1024x680.jpg"}],"twitter_card":"summary_large_image","twitter_misc":{"Estimated reading time":"1 minute"},"schema":{"@context":"https:\/\/schema.org","@graph":[{"@type":"Organization","@id":"https:\/\/lamm-harburg.de\/en\/#organization","name":"Hotel Gasthof zum Goldenen Lamm","url":"https:\/\/lamm-harburg.de\/en\/","sameAs":[],"logo":{"@type":"ImageObject","@id":"https:\/\/lamm-harburg.de\/en\/#logo","inLanguage":"en-GB","url":"http:\/\/lamm-harburg.de\/wp-content\/uploads\/2019\/08\/Lamm-e1573944043302.png","contentUrl":"http:\/\/lamm-harburg.de\/wp-content\/uploads\/2019\/08\/Lamm-e1573944043302.png","width":300,"height":119,"caption":"Hotel Gasthof zum Goldenen Lamm"},"image":{"@id":"https:\/\/lamm-harburg.de\/en\/#logo"}},{"@type":"WebSite","@id":"https:\/\/lamm-harburg.de\/en\/#website","url":"https:\/\/lamm-harburg.de\/en\/","name":"Zum Goldenen Lamm","description":"","publisher":{"@id":"https:\/\/lamm-harburg.de\/en\/#organization"},"potentialAction":[{"@type":"SearchAction","target":{"@type":"EntryPoint","urlTemplate":"https:\/\/lamm-harburg.de\/en\/?s={search_term_string}"},"query-input":"required name=search_term_string"}],"inLanguage":"en-GB"},{"@type":"ImageObject","@id":"https:\/\/lamm-harburg.de\/en\/unser-hotel\/#primaryimage","inLanguage":"en-GB","url":"http:\/\/www.lammharburg.de\/wp-content\/uploads\/2019\/11\/Bild-1294-1024x680.jpg","contentUrl":"http:\/\/www.lammharburg.de\/wp-content\/uploads\/2019\/11\/Bild-1294-1024x680.jpg"},{"@type":"WebPage","@id":"https:\/\/lamm-harburg.de\/en\/unser-hotel\/#webpage","url":"https:\/\/lamm-harburg.de\/en\/unser-hotel\/","name":"Unser Hotel - Zum Goldenen Lamm","isPartOf":{"@id":"https:\/\/lamm-harburg.de\/en\/#website"},"primaryImageOfPage":{"@id":"https:\/\/lamm-harburg.de\/en\/unser-hotel\/#primaryimage"},"datePublished":"2019-08-24T12:08:09+00:00","dateModified":"2019-12-11T21:19:45+00:00","description":"Ob Urlauber, Gesch\u00e4ftsreisende oder Monteure: Wir haben f\u00fcr alle G\u00e4ste das passende Zimmer! 10 Zimmer warten bereits auf Ihren besuch.","breadcrumb":{"@id":"https:\/\/lamm-harburg.de\/en\/unser-hotel\/#breadcrumb"},"inLanguage":"en-GB","potentialAction":[{"@type":"ReadAction","target":["https:\/\/lamm-harburg.de\/en\/unser-hotel\/"]}]},{"@type":"BreadcrumbList","@id":"https:\/\/lamm-harburg.de\/en\/unser-hotel\/#breadcrumb","itemListElement":[{"@type":"ListItem","position":1,"name":"Startseite","item":"https:\/\/lamm-harburg.de\/en\/"},{"@type":"ListItem","position":2,"name":"Unser Hotel"}]}]}},"_links":{"self":[{"href":"https:\/\/lamm-harburg.de\/en\/wp-json\/wp\/v2\/pages\/790"}],"collection":[{"href":"https:\/\/lamm-harburg.de\/en\/wp-json\/wp\/v2\/pages"}],"about":[{"href":"https:\/\/lamm-harburg.de\/en\/wp-json\/wp\/v2\/types\/page"}],"author":[{"embeddable":true,"href":"https:\/\/lamm-harburg.de\/en\/wp-json\/wp\/v2\/users\/1"}],"replies":[{"embeddable":true,"href":"https:\/\/lamm-harburg.de\/en\/wp-json\/wp\/v2\/comments?post=790"}],"version-history":[{"count":8,"href":"https:\/\/lamm-harburg.de\/en\/wp-json\/wp\/v2\/pages\/790\/revisions"}],"predecessor-version":[{"id":1279,"href":"https:\/\/lamm-harburg.de\/en\/wp-json\/wp\/v2\/pages\/790\/revisions\/1279"}],"wp:attachment":[{"href":"https:\/\/lamm-harburg.de\/en\/wp-json\/wp\/v2\/media?parent=790"}],"curies":[{"name":"wp","href":"https:\/\/api.w.org\/{rel}","templated":true}]}}