{"id":855,"date":"2019-09-17T18:17:29","date_gmt":"2019-09-17T18:17:29","guid":{"rendered":"http:\/\/www.lammharburg.de\/?page_id=855"},"modified":"2019-12-11T21:18:43","modified_gmt":"2019-12-11T21:18:43","slug":"restaurant","status":"publish","type":"page","link":"https:\/\/lamm-harburg.de\/en\/restaurant\/","title":{"rendered":"Restaurant"},"content":{"rendered":"<h3 class=\"has-text-align-center\"><strong>Hospitality, tradition and cosiness:<\/strong><\/h3>\n\n\n\n<p class=\" translation-block\">Terms that are still written in capital letters and to which we feel obliged - not least because of the long history of our house. <br>Reverse and enjoy our homemade specialities in a historical and cosy atmosphere!<\/p>\n\n\n\n<p>In our restaurant we offer you a large selection of traditional Swabian dishes,<br>Klassikern der gutb\u00fcrgerlichen K\u00fcche sowie &#8222;modernen&#8220; und internationalen Speisen.<br>Und nat\u00fcrlich kommen auch unsere &#8222;kleinen&#8220; G\u00e4ste auf ihre Kosten.<br>Thursday evening and Saturday is our rest day, we ask for your understanding.<br>Please have a look at our&nbsp;<a href=\"http:\/\/www.lammharburg.de\/wp-content\/uploads\/2019\/08\/speisekarte.pdf\">menu<\/a>!<br>In addition, it is worth taking a look at our current&nbsp;<a href=\"http:\/\/www.lammharburg.de\/wp-content\/uploads\/2019\/08\/wochenplan.pdf\">weekly menu<\/a>!<br>Our restaurant is closed on Thursday from 15:00 and on Saturday because of rest day - We ask for your understanding. <\/p>\n\n\n\n<figure class=\"is-layout-flex wp-block-gallery-1 wp-block-gallery aligncenter columns-3\"><ul class=\"blocks-gallery-grid\"><li class=\"blocks-gallery-item\"><figure><img decoding=\"async\" width=\"720\" height=\"480\" src=\"http:\/\/www.lammharburg.de\/wp-content\/uploads\/2019\/10\/restaurant3.jpg\" data-id=\"990\" class=\"wp-image-990\" srcset=\"https:\/\/lamm-harburg.de\/wp-content\/uploads\/2019\/10\/restaurant3.jpg 720w, https:\/\/lamm-harburg.de\/wp-content\/uploads\/2019\/10\/restaurant3-300x200.jpg 300w, https:\/\/lamm-harburg.de\/wp-content\/uploads\/2019\/10\/restaurant3-150x100.jpg 150w\" sizes=\"(max-width: 720px) 100vw, 720px\" \/><\/figure><\/li><li class=\"blocks-gallery-item\"><figure><img decoding=\"async\" width=\"720\" height=\"480\" src=\"http:\/\/www.lammharburg.de\/wp-content\/uploads\/2019\/10\/restaurant4.jpg\" data-id=\"991\" class=\"wp-image-991\" srcset=\"https:\/\/lamm-harburg.de\/wp-content\/uploads\/2019\/10\/restaurant4.jpg 720w, https:\/\/lamm-harburg.de\/wp-content\/uploads\/2019\/10\/restaurant4-300x200.jpg 300w, https:\/\/lamm-harburg.de\/wp-content\/uploads\/2019\/10\/restaurant4-150x100.jpg 150w\" sizes=\"(max-width: 720px) 100vw, 720px\" \/><\/figure><\/li><li class=\"blocks-gallery-item\"><figure><img decoding=\"async\" width=\"720\" height=\"480\" src=\"http:\/\/www.lammharburg.de\/wp-content\/uploads\/2019\/10\/restaurant2.jpg\" data-id=\"989\" class=\"wp-image-989\" srcset=\"https:\/\/lamm-harburg.de\/wp-content\/uploads\/2019\/10\/restaurant2.jpg 720w, https:\/\/lamm-harburg.de\/wp-content\/uploads\/2019\/10\/restaurant2-300x200.jpg 300w, https:\/\/lamm-harburg.de\/wp-content\/uploads\/2019\/10\/restaurant2-150x100.jpg 150w\" sizes=\"(max-width: 720px) 100vw, 720px\" \/><\/figure><\/li><li class=\"blocks-gallery-item\"><figure><img decoding=\"async\" width=\"720\" height=\"480\" src=\"http:\/\/www.lammharburg.de\/wp-content\/uploads\/2019\/10\/restaurant1.jpg\" data-id=\"988\" class=\"wp-image-988\" srcset=\"https:\/\/lamm-harburg.de\/wp-content\/uploads\/2019\/10\/restaurant1.jpg 720w, https:\/\/lamm-harburg.de\/wp-content\/uploads\/2019\/10\/restaurant1-300x200.jpg 300w, https:\/\/lamm-harburg.de\/wp-content\/uploads\/2019\/10\/restaurant1-150x100.jpg 150w\" sizes=\"(max-width: 720px) 100vw, 720px\" \/><\/figure><\/li><li class=\"blocks-gallery-item\"><figure><img decoding=\"async\" width=\"640\" height=\"480\" src=\"http:\/\/www.lammharburg.de\/wp-content\/uploads\/2019\/10\/salatbuffet1.jpg\" data-id=\"996\" class=\"wp-image-996\" srcset=\"https:\/\/lamm-harburg.de\/wp-content\/uploads\/2019\/10\/salatbuffet1.jpg 640w, https:\/\/lamm-harburg.de\/wp-content\/uploads\/2019\/10\/salatbuffet1-300x225.jpg 300w\" sizes=\"(max-width: 640px) 100vw, 640px\" \/><\/figure><\/li><li class=\"blocks-gallery-item\"><figure><img decoding=\"async\" width=\"360\" height=\"480\" src=\"http:\/\/www.lammharburg.de\/wp-content\/uploads\/2019\/10\/salatbuffet3.jpg\" data-id=\"997\" class=\"wp-image-997\" srcset=\"https:\/\/lamm-harburg.de\/wp-content\/uploads\/2019\/10\/salatbuffet3.jpg 360w, https:\/\/lamm-harburg.de\/wp-content\/uploads\/2019\/10\/salatbuffet3-225x300.jpg 225w\" sizes=\"(max-width: 360px) 100vw, 360px\" \/><\/figure><\/li><li class=\"blocks-gallery-item\"><figure><img decoding=\"async\" width=\"426\" height=\"480\" src=\"http:\/\/www.lammharburg.de\/wp-content\/uploads\/2019\/10\/salatbuffet_gast.jpg\" data-id=\"995\" class=\"wp-image-995\" srcset=\"https:\/\/lamm-harburg.de\/wp-content\/uploads\/2019\/10\/salatbuffet_gast.jpg 426w, https:\/\/lamm-harburg.de\/wp-content\/uploads\/2019\/10\/salatbuffet_gast-266x300.jpg 266w\" sizes=\"(max-width: 426px) 100vw, 426px\" \/><\/figure><\/li><li class=\"blocks-gallery-item\"><figure><img decoding=\"async\" width=\"720\" height=\"480\" src=\"http:\/\/www.lammharburg.de\/wp-content\/uploads\/2019\/10\/suppe2.jpg\" data-id=\"998\" class=\"wp-image-998\" srcset=\"https:\/\/lamm-harburg.de\/wp-content\/uploads\/2019\/10\/suppe2.jpg 720w, https:\/\/lamm-harburg.de\/wp-content\/uploads\/2019\/10\/suppe2-300x200.jpg 300w, https:\/\/lamm-harburg.de\/wp-content\/uploads\/2019\/10\/suppe2-150x100.jpg 150w\" sizes=\"(max-width: 720px) 100vw, 720px\" \/><\/figure><\/li><li class=\"blocks-gallery-item\"><figure><img decoding=\"async\" width=\"720\" height=\"480\" src=\"http:\/\/www.lammharburg.de\/wp-content\/uploads\/2019\/10\/suppe3.jpg\" data-id=\"999\" class=\"wp-image-999\" srcset=\"https:\/\/lamm-harburg.de\/wp-content\/uploads\/2019\/10\/suppe3.jpg 720w, https:\/\/lamm-harburg.de\/wp-content\/uploads\/2019\/10\/suppe3-300x200.jpg 300w, https:\/\/lamm-harburg.de\/wp-content\/uploads\/2019\/10\/suppe3-150x100.jpg 150w\" sizes=\"(max-width: 720px) 100vw, 720px\" \/><\/figure><\/li><li class=\"blocks-gallery-item\"><figure><img decoding=\"async\" width=\"720\" height=\"480\" src=\"http:\/\/www.lammharburg.de\/wp-content\/uploads\/2019\/10\/rumpsteak_kueche.jpg\" data-id=\"992\" class=\"wp-image-992\" srcset=\"https:\/\/lamm-harburg.de\/wp-content\/uploads\/2019\/10\/rumpsteak_kueche.jpg 720w, https:\/\/lamm-harburg.de\/wp-content\/uploads\/2019\/10\/rumpsteak_kueche-300x200.jpg 300w, https:\/\/lamm-harburg.de\/wp-content\/uploads\/2019\/10\/rumpsteak_kueche-150x100.jpg 150w\" sizes=\"(max-width: 720px) 100vw, 720px\" \/><\/figure><\/li><li class=\"blocks-gallery-item\"><figure><img decoding=\"async\" width=\"720\" height=\"480\" src=\"http:\/\/www.lammharburg.de\/wp-content\/uploads\/2019\/10\/rumpsteak1.jpg\" data-id=\"993\" class=\"wp-image-993\" srcset=\"https:\/\/lamm-harburg.de\/wp-content\/uploads\/2019\/10\/rumpsteak1.jpg 720w, https:\/\/lamm-harburg.de\/wp-content\/uploads\/2019\/10\/rumpsteak1-300x200.jpg 300w, https:\/\/lamm-harburg.de\/wp-content\/uploads\/2019\/10\/rumpsteak1-150x100.jpg 150w\" sizes=\"(max-width: 720px) 100vw, 720px\" \/><\/figure><\/li><li class=\"blocks-gallery-item\"><figure><img decoding=\"async\" width=\"720\" height=\"480\" src=\"http:\/\/www.lammharburg.de\/wp-content\/uploads\/2019\/10\/rumpsteak2.jpg\" data-id=\"994\" class=\"wp-image-994\" srcset=\"https:\/\/lamm-harburg.de\/wp-content\/uploads\/2019\/10\/rumpsteak2.jpg 720w, https:\/\/lamm-harburg.de\/wp-content\/uploads\/2019\/10\/rumpsteak2-300x200.jpg 300w, https:\/\/lamm-harburg.de\/wp-content\/uploads\/2019\/10\/rumpsteak2-150x100.jpg 150w\" sizes=\"(max-width: 720px) 100vw, 720px\" \/><\/figure><\/li><li class=\"blocks-gallery-item\"><figure><img decoding=\"async\" width=\"720\" height=\"480\" src=\"http:\/\/www.lammharburg.de\/wp-content\/uploads\/2019\/10\/dessert1.jpg\" data-id=\"980\" class=\"wp-image-980\" srcset=\"https:\/\/lamm-harburg.de\/wp-content\/uploads\/2019\/10\/dessert1.jpg 720w, https:\/\/lamm-harburg.de\/wp-content\/uploads\/2019\/10\/dessert1-300x200.jpg 300w, https:\/\/lamm-harburg.de\/wp-content\/uploads\/2019\/10\/dessert1-150x100.jpg 150w\" sizes=\"(max-width: 720px) 100vw, 720px\" \/><\/figure><\/li><li class=\"blocks-gallery-item\"><figure><img decoding=\"async\" width=\"720\" height=\"480\" src=\"http:\/\/www.lammharburg.de\/wp-content\/uploads\/2019\/10\/dessert2.jpg\" data-id=\"981\" class=\"wp-image-981\" srcset=\"https:\/\/lamm-harburg.de\/wp-content\/uploads\/2019\/10\/dessert2.jpg 720w, https:\/\/lamm-harburg.de\/wp-content\/uploads\/2019\/10\/dessert2-300x200.jpg 300w, https:\/\/lamm-harburg.de\/wp-content\/uploads\/2019\/10\/dessert2-150x100.jpg 150w\" sizes=\"(max-width: 720px) 100vw, 720px\" \/><\/figure><\/li><li class=\"blocks-gallery-item\"><figure><img decoding=\"async\" width=\"640\" height=\"480\" src=\"http:\/\/www.lammharburg.de\/wp-content\/uploads\/2019\/10\/pfannkuchen1.jpg\" data-id=\"987\" class=\"wp-image-987\" srcset=\"https:\/\/lamm-harburg.de\/wp-content\/uploads\/2019\/10\/pfannkuchen1.jpg 640w, https:\/\/lamm-harburg.de\/wp-content\/uploads\/2019\/10\/pfannkuchen1-300x225.jpg 300w\" sizes=\"(max-width: 640px) 100vw, 640px\" \/><\/figure><\/li><\/ul><\/figure>","protected":false},"excerpt":{"rendered":"<p>Gastfreundschaft, Tradition und Gem\u00fctlichkeit: Begriffe, die bei uns noch gro\u00df geschrieben werden und denen wir uns &#8211; nicht zuletzt aufgrundder langen Geschichte unseres Hauses &#8211; verpflichtet f\u00fchlen.Kehren Sie ein und genie\u00dfen Sie unsere hausgemachten Spezialit\u00e4ten in historischer und gem\u00fctlicher Atmosph\u00e4re! In unserem Restaurant bieten wir Ihnen eine gro\u00dfe Auswahl an traditionellen schw\u00e4bischen Gerichten,Klassikern der gutb\u00fcrgerlichen [&hellip;]<\/p>","protected":false},"author":1,"featured_media":0,"parent":0,"menu_order":0,"comment_status":"closed","ping_status":"closed","template":"template-wide-page.php","meta":[],"yoast_head":"<!-- This site is optimized with the Yoast SEO plugin v17.8 - https:\/\/yoast.com\/wordpress\/plugins\/seo\/ -->\n<title>Restaurant - Zum Goldenen Lamm<\/title>\n<meta name=\"description\" content=\"Gastfreundschaft, Tradition und Gem\u00fctlichkeit: Begriffe, die bei uns noch gro\u00df geschrieben werden und denen wir uns verpflichtet f\u00fchlen.\" \/>\n<meta name=\"robots\" content=\"index, follow, max-snippet:-1, max-image-preview:large, max-video-preview:-1\" \/>\n<link rel=\"canonical\" href=\"https:\/\/lamm-harburg.de\/en\/restaurant\/\" \/>\n<meta property=\"og:locale\" content=\"en_GB\" \/>\n<meta property=\"og:type\" content=\"article\" \/>\n<meta property=\"og:title\" content=\"Restaurant - Zum Goldenen Lamm\" \/>\n<meta property=\"og:description\" content=\"Gastfreundschaft, Tradition und Gem\u00fctlichkeit: Begriffe, die bei uns noch gro\u00df geschrieben werden und denen wir uns verpflichtet f\u00fchlen.\" \/>\n<meta property=\"og:url\" content=\"https:\/\/lamm-harburg.de\/en\/restaurant\/\" \/>\n<meta property=\"og:site_name\" content=\"Zum Goldenen Lamm\" \/>\n<meta property=\"article:modified_time\" content=\"2019-12-11T21:18:43+00:00\" \/>\n<meta property=\"og:image\" content=\"http:\/\/www.lammharburg.de\/wp-content\/uploads\/2019\/10\/restaurant3.jpg\" \/>\n<meta name=\"twitter:card\" content=\"summary_large_image\" \/>\n<meta name=\"twitter:label1\" content=\"Estimated reading time\" \/>\n\t<meta name=\"twitter:data1\" content=\"1 minute\" \/>\n<script type=\"application\/ld+json\" class=\"yoast-schema-graph\">{\"@context\":\"https:\/\/schema.org\",\"@graph\":[{\"@type\":\"Organization\",\"@id\":\"https:\/\/lamm-harburg.de\/en\/#organization\",\"name\":\"Hotel Gasthof zum Goldenen Lamm\",\"url\":\"https:\/\/lamm-harburg.de\/en\/\",\"sameAs\":[],\"logo\":{\"@type\":\"ImageObject\",\"@id\":\"https:\/\/lamm-harburg.de\/en\/#logo\",\"inLanguage\":\"en-GB\",\"url\":\"http:\/\/lamm-harburg.de\/wp-content\/uploads\/2019\/08\/Lamm-e1573944043302.png\",\"contentUrl\":\"http:\/\/lamm-harburg.de\/wp-content\/uploads\/2019\/08\/Lamm-e1573944043302.png\",\"width\":300,\"height\":119,\"caption\":\"Hotel Gasthof zum Goldenen Lamm\"},\"image\":{\"@id\":\"https:\/\/lamm-harburg.de\/en\/#logo\"}},{\"@type\":\"WebSite\",\"@id\":\"https:\/\/lamm-harburg.de\/en\/#website\",\"url\":\"https:\/\/lamm-harburg.de\/en\/\",\"name\":\"Zum Goldenen Lamm\",\"description\":\"\",\"publisher\":{\"@id\":\"https:\/\/lamm-harburg.de\/en\/#organization\"},\"potentialAction\":[{\"@type\":\"SearchAction\",\"target\":{\"@type\":\"EntryPoint\",\"urlTemplate\":\"https:\/\/lamm-harburg.de\/en\/?s={search_term_string}\"},\"query-input\":\"required name=search_term_string\"}],\"inLanguage\":\"en-GB\"},{\"@type\":\"ImageObject\",\"@id\":\"https:\/\/lamm-harburg.de\/en\/restaurant\/#primaryimage\",\"inLanguage\":\"en-GB\",\"url\":\"http:\/\/www.lammharburg.de\/wp-content\/uploads\/2019\/10\/restaurant3.jpg\",\"contentUrl\":\"http:\/\/www.lammharburg.de\/wp-content\/uploads\/2019\/10\/restaurant3.jpg\"},{\"@type\":\"WebPage\",\"@id\":\"https:\/\/lamm-harburg.de\/en\/restaurant\/#webpage\",\"url\":\"https:\/\/lamm-harburg.de\/en\/restaurant\/\",\"name\":\"Restaurant - Zum Goldenen Lamm\",\"isPartOf\":{\"@id\":\"https:\/\/lamm-harburg.de\/en\/#website\"},\"primaryImageOfPage\":{\"@id\":\"https:\/\/lamm-harburg.de\/en\/restaurant\/#primaryimage\"},\"datePublished\":\"2019-09-17T18:17:29+00:00\",\"dateModified\":\"2019-12-11T21:18:43+00:00\",\"description\":\"Gastfreundschaft, Tradition und Gem\\u00fctlichkeit: Begriffe, die bei uns noch gro\\u00df geschrieben werden und denen wir uns verpflichtet f\\u00fchlen.\",\"breadcrumb\":{\"@id\":\"https:\/\/lamm-harburg.de\/en\/restaurant\/#breadcrumb\"},\"inLanguage\":\"en-GB\",\"potentialAction\":[{\"@type\":\"ReadAction\",\"target\":[\"https:\/\/lamm-harburg.de\/en\/restaurant\/\"]}]},{\"@type\":\"BreadcrumbList\",\"@id\":\"https:\/\/lamm-harburg.de\/en\/restaurant\/#breadcrumb\",\"itemListElement\":[{\"@type\":\"ListItem\",\"position\":1,\"name\":\"Startseite\",\"item\":\"https:\/\/lamm-harburg.de\/en\/\"},{\"@type\":\"ListItem\",\"position\":2,\"name\":\"Restaurant\"}]}]}<\/script>\n<!-- \/ Yoast SEO plugin. -->","yoast_head_json":{"title":"Restaurant - Zum Goldenen Lamm","description":"Gastfreundschaft, Tradition und Gem\u00fctlichkeit: Begriffe, die bei uns noch gro\u00df geschrieben werden und denen wir uns verpflichtet f\u00fchlen.","robots":{"index":"index","follow":"follow","max-snippet":"max-snippet:-1","max-image-preview":"max-image-preview:large","max-video-preview":"max-video-preview:-1"},"canonical":"https:\/\/lamm-harburg.de\/en\/restaurant\/","og_locale":"en_GB","og_type":"article","og_title":"Restaurant - Zum Goldenen Lamm","og_description":"Gastfreundschaft, Tradition und Gem\u00fctlichkeit: Begriffe, die bei uns noch gro\u00df geschrieben werden und denen wir uns verpflichtet f\u00fchlen.","og_url":"https:\/\/lamm-harburg.de\/en\/restaurant\/","og_site_name":"Zum Goldenen Lamm","article_modified_time":"2019-12-11T21:18:43+00:00","og_image":[{"url":"http:\/\/www.lammharburg.de\/wp-content\/uploads\/2019\/10\/restaurant3.jpg"}],"twitter_card":"summary_large_image","twitter_misc":{"Estimated reading time":"1 minute"},"schema":{"@context":"https:\/\/schema.org","@graph":[{"@type":"Organization","@id":"https:\/\/lamm-harburg.de\/en\/#organization","name":"Hotel Gasthof zum Goldenen Lamm","url":"https:\/\/lamm-harburg.de\/en\/","sameAs":[],"logo":{"@type":"ImageObject","@id":"https:\/\/lamm-harburg.de\/en\/#logo","inLanguage":"en-GB","url":"http:\/\/lamm-harburg.de\/wp-content\/uploads\/2019\/08\/Lamm-e1573944043302.png","contentUrl":"http:\/\/lamm-harburg.de\/wp-content\/uploads\/2019\/08\/Lamm-e1573944043302.png","width":300,"height":119,"caption":"Hotel Gasthof zum Goldenen Lamm"},"image":{"@id":"https:\/\/lamm-harburg.de\/en\/#logo"}},{"@type":"WebSite","@id":"https:\/\/lamm-harburg.de\/en\/#website","url":"https:\/\/lamm-harburg.de\/en\/","name":"Zum Goldenen Lamm","description":"","publisher":{"@id":"https:\/\/lamm-harburg.de\/en\/#organization"},"potentialAction":[{"@type":"SearchAction","target":{"@type":"EntryPoint","urlTemplate":"https:\/\/lamm-harburg.de\/en\/?s={search_term_string}"},"query-input":"required name=search_term_string"}],"inLanguage":"en-GB"},{"@type":"ImageObject","@id":"https:\/\/lamm-harburg.de\/en\/restaurant\/#primaryimage","inLanguage":"en-GB","url":"http:\/\/www.lammharburg.de\/wp-content\/uploads\/2019\/10\/restaurant3.jpg","contentUrl":"http:\/\/www.lammharburg.de\/wp-content\/uploads\/2019\/10\/restaurant3.jpg"},{"@type":"WebPage","@id":"https:\/\/lamm-harburg.de\/en\/restaurant\/#webpage","url":"https:\/\/lamm-harburg.de\/en\/restaurant\/","name":"Restaurant - Zum Goldenen Lamm","isPartOf":{"@id":"https:\/\/lamm-harburg.de\/en\/#website"},"primaryImageOfPage":{"@id":"https:\/\/lamm-harburg.de\/en\/restaurant\/#primaryimage"},"datePublished":"2019-09-17T18:17:29+00:00","dateModified":"2019-12-11T21:18:43+00:00","description":"Gastfreundschaft, Tradition und Gem\u00fctlichkeit: Begriffe, die bei uns noch gro\u00df geschrieben werden und denen wir uns verpflichtet f\u00fchlen.","breadcrumb":{"@id":"https:\/\/lamm-harburg.de\/en\/restaurant\/#breadcrumb"},"inLanguage":"en-GB","potentialAction":[{"@type":"ReadAction","target":["https:\/\/lamm-harburg.de\/en\/restaurant\/"]}]},{"@type":"BreadcrumbList","@id":"https:\/\/lamm-harburg.de\/en\/restaurant\/#breadcrumb","itemListElement":[{"@type":"ListItem","position":1,"name":"Startseite","item":"https:\/\/lamm-harburg.de\/en\/"},{"@type":"ListItem","position":2,"name":"Restaurant"}]}]}},"_links":{"self":[{"href":"https:\/\/lamm-harburg.de\/en\/wp-json\/wp\/v2\/pages\/855"}],"collection":[{"href":"https:\/\/lamm-harburg.de\/en\/wp-json\/wp\/v2\/pages"}],"about":[{"href":"https:\/\/lamm-harburg.de\/en\/wp-json\/wp\/v2\/types\/page"}],"author":[{"embeddable":true,"href":"https:\/\/lamm-harburg.de\/en\/wp-json\/wp\/v2\/users\/1"}],"replies":[{"embeddable":true,"href":"https:\/\/lamm-harburg.de\/en\/wp-json\/wp\/v2\/comments?post=855"}],"version-history":[{"count":7,"href":"https:\/\/lamm-harburg.de\/en\/wp-json\/wp\/v2\/pages\/855\/revisions"}],"predecessor-version":[{"id":1255,"href":"https:\/\/lamm-harburg.de\/en\/wp-json\/wp\/v2\/pages\/855\/revisions\/1255"}],"wp:attachment":[{"href":"https:\/\/lamm-harburg.de\/en\/wp-json\/wp\/v2\/media?parent=855"}],"curies":[{"name":"wp","href":"https:\/\/api.w.org\/{rel}","templated":true}]}}