{"id":860,"date":"2019-09-17T18:22:15","date_gmt":"2019-09-17T18:22:15","guid":{"rendered":"http:\/\/www.lammharburg.de\/?page_id=860"},"modified":"2023-08-15T08:25:15","modified_gmt":"2023-08-15T08:25:15","slug":"impressum","status":"publish","type":"page","link":"https:\/\/lamm-harburg.de\/en\/impressum\/","title":{"rendered":"Imprint"},"content":{"rendered":"<h2>Information according to \u00a7 5 TMG<\/h2>\n<p>Jutta Schr\u00f6ppel<br \/>\nMarktplatz 15<br \/>\n86655 Harburg (Schwaben)<\/p>\n<p>Register of cooperatives: [number of register entry].<br \/>\nRegister court: Local court N\u00f6rdlingen<\/p>\n<h2>Contact us<\/h2>\n<p>Phone: 0908080 1422<br \/>\nTelefax: 09080 921666<br \/>\nEmail: info@lamm-harburg.de<\/p>\n<h2>Value added tax ID<\/h2>\n<p>Sales tax identification number according to \u00a727 a sales tax law:<br \/>\n111\/271\/20597<\/p>\n<h2>Responsible for the content according to \u00a7 55 Abs. 2 RStV<\/h2>\n<p>Jutta Schr\u00f6ppel<br \/>\nMarktplatz 15<br \/>\n86655 Harburg<\/p>\n<p>We are not willing or obliged to participate in dispute resolution proceedings before a consumer mediation body.<\/p>\n<h3>Liability for contents<\/h3>\n<p>As a service provider we are responsible according to \u00a7 7 Abs.1 TMG for our own contents on these pages according to the general laws. According to \u00a7\u00a7 8 to 10 TMG, we are not obliged to monitor transmitted or stored third-party information or to investigate circumstances that indicate illegal activity.<\/p>\n<p>Obligations to remove or block the use of information in accordance with general laws remain unaffected by this. A liability in this respect is however only possible from the time of knowledge of a concrete infringement. As soon as we become aware of such infringements, we will remove the content immediately.<\/p>\n<h3>Liability for links<\/h3>\n<p>Unser Angebot enth\u00e4lt Links zu externen Websites Dritter, auf deren Inhalte wir keinen Einfluss haben. Deshalb k\u00f6nnen wir f\u00fcr diese fremden Inhalte auch keine Gew\u00e4hr \u00fcbernehmen. F\u00fcr die Inhalte der verlinkten Seiten ist stets der jeweilige Anbieter oder Betreiber der Seiten verantwortlich. Die verlinkten Seiten wurden zum Zeitpunkt der Verlinkung auf m\u00f6gliche Rechtsverst\u00f6\u00dfe \u00fcberpr\u00fcft. Rechtswidrige Inhalte waren zum Zeitpunkt der Verlinkung nicht erkennbar.<\/p>\n<p>However, a permanent control of the contents of the linked pages is not reasonable without concrete evidence of a violation of law. As soon as we become aware of any legal infringements, we will remove such links immediately.<\/p>\n<h3>copyright<\/h3>\n<p>The contents and works on these pages created by the site operators are subject to German copyright law. Duplication, processing, distribution and any form of commercialization of such material beyond the scope of the copyright law shall require the prior written consent of its respective author or creator. Downloads and copies of these pages are only permitted for private, non-commercial use.<\/p>\n<p>Insofar as the content on this site was not created by the operator, the copyrights of third parties are respected. In particular, contents of third parties are marked as such. Should you nevertheless become aware of a copyright infringement, please inform us accordingly. As soon as we become aware of any infringements, we will remove such content immediately.<\/p>","protected":false},"excerpt":{"rendered":"<p>Angaben gem\u00e4\u00df \u00a7 5 TMG Jutta Schr\u00f6ppel Marktplatz 15 86655 Harburg (Schwaben) Genossenschaftsregister: [Nummer des Registereintrags] Registergericht: Amtsgericht N\u00f6rdlingen Kontakt Telefon: 09080 1422 Telefax: 09080 921666 E-Mail: info@lamm-harburg.de Umsatzsteuer-ID Umsatzsteuer-Identifikationsnummer gem\u00e4\u00df \u00a727 a Umsatzsteuergesetz: 111\/271\/20597 Verantwortlich f\u00fcr den Inhalt nach \u00a7 55 Abs. 2 RStV Jutta Schr\u00f6ppel Marktplatz 15 86655 Harburg Wir sind nicht bereit [&hellip;]<\/p>","protected":false},"author":1,"featured_media":0,"parent":0,"menu_order":0,"comment_status":"closed","ping_status":"closed","template":"template-wide-page.php","meta":[],"yoast_head":"<!-- This site is optimized with the Yoast SEO plugin v17.8 - https:\/\/yoast.com\/wordpress\/plugins\/seo\/ -->\n<title>Impressum - Zum Goldenen Lamm<\/title>\n<meta name=\"robots\" content=\"index, follow, max-snippet:-1, max-image-preview:large, max-video-preview:-1\" \/>\n<link rel=\"canonical\" href=\"https:\/\/lamm-harburg.de\/en\/impressum\/\" \/>\n<meta property=\"og:locale\" content=\"en_GB\" \/>\n<meta property=\"og:type\" content=\"article\" \/>\n<meta property=\"og:title\" content=\"Impressum - Zum Goldenen Lamm\" \/>\n<meta property=\"og:description\" content=\"Angaben gem\u00e4\u00df \u00a7 5 TMG Jutta Schr\u00f6ppel Marktplatz 15 86655 Harburg (Schwaben) Genossenschaftsregister: [Nummer des Registereintrags] Registergericht: Amtsgericht N\u00f6rdlingen Kontakt Telefon: 09080 1422 Telefax: 09080 921666 E-Mail: info@lamm-harburg.de Umsatzsteuer-ID Umsatzsteuer-Identifikationsnummer gem\u00e4\u00df \u00a727 a Umsatzsteuergesetz: 111\/271\/20597 Verantwortlich f\u00fcr den Inhalt nach \u00a7 55 Abs. 2 RStV Jutta Schr\u00f6ppel Marktplatz 15 86655 Harburg Wir sind nicht bereit [&hellip;]\" \/>\n<meta property=\"og:url\" content=\"https:\/\/lamm-harburg.de\/en\/impressum\/\" \/>\n<meta property=\"og:site_name\" content=\"Zum Goldenen Lamm\" \/>\n<meta property=\"article:modified_time\" content=\"2023-08-15T08:25:15+00:00\" \/>\n<meta name=\"twitter:card\" content=\"summary_large_image\" \/>\n<meta name=\"twitter:label1\" content=\"Estimated reading time\" \/>\n\t<meta name=\"twitter:data1\" content=\"2 minutes\" \/>\n<script type=\"application\/ld+json\" class=\"yoast-schema-graph\">{\"@context\":\"https:\/\/schema.org\",\"@graph\":[{\"@type\":\"Organization\",\"@id\":\"https:\/\/lamm-harburg.de\/en\/#organization\",\"name\":\"Hotel Gasthof zum Goldenen Lamm\",\"url\":\"https:\/\/lamm-harburg.de\/en\/\",\"sameAs\":[],\"logo\":{\"@type\":\"ImageObject\",\"@id\":\"https:\/\/lamm-harburg.de\/en\/#logo\",\"inLanguage\":\"en-GB\",\"url\":\"http:\/\/lamm-harburg.de\/wp-content\/uploads\/2019\/08\/Lamm-e1573944043302.png\",\"contentUrl\":\"http:\/\/lamm-harburg.de\/wp-content\/uploads\/2019\/08\/Lamm-e1573944043302.png\",\"width\":300,\"height\":119,\"caption\":\"Hotel Gasthof zum Goldenen Lamm\"},\"image\":{\"@id\":\"https:\/\/lamm-harburg.de\/en\/#logo\"}},{\"@type\":\"WebSite\",\"@id\":\"https:\/\/lamm-harburg.de\/en\/#website\",\"url\":\"https:\/\/lamm-harburg.de\/en\/\",\"name\":\"Zum Goldenen Lamm\",\"description\":\"\",\"publisher\":{\"@id\":\"https:\/\/lamm-harburg.de\/en\/#organization\"},\"potentialAction\":[{\"@type\":\"SearchAction\",\"target\":{\"@type\":\"EntryPoint\",\"urlTemplate\":\"https:\/\/lamm-harburg.de\/en\/?s={search_term_string}\"},\"query-input\":\"required name=search_term_string\"}],\"inLanguage\":\"en-GB\"},{\"@type\":\"WebPage\",\"@id\":\"https:\/\/lamm-harburg.de\/en\/impressum\/#webpage\",\"url\":\"https:\/\/lamm-harburg.de\/en\/impressum\/\",\"name\":\"Impressum - Zum Goldenen Lamm\",\"isPartOf\":{\"@id\":\"https:\/\/lamm-harburg.de\/en\/#website\"},\"datePublished\":\"2019-09-17T18:22:15+00:00\",\"dateModified\":\"2023-08-15T08:25:15+00:00\",\"breadcrumb\":{\"@id\":\"https:\/\/lamm-harburg.de\/en\/impressum\/#breadcrumb\"},\"inLanguage\":\"en-GB\",\"potentialAction\":[{\"@type\":\"ReadAction\",\"target\":[\"https:\/\/lamm-harburg.de\/en\/impressum\/\"]}]},{\"@type\":\"BreadcrumbList\",\"@id\":\"https:\/\/lamm-harburg.de\/en\/impressum\/#breadcrumb\",\"itemListElement\":[{\"@type\":\"ListItem\",\"position\":1,\"name\":\"Startseite\",\"item\":\"https:\/\/lamm-harburg.de\/en\/\"},{\"@type\":\"ListItem\",\"position\":2,\"name\":\"Impressum\"}]}]}<\/script>\n<!-- \/ Yoast SEO plugin. -->","yoast_head_json":{"title":"Impressum - Zum Goldenen Lamm","robots":{"index":"index","follow":"follow","max-snippet":"max-snippet:-1","max-image-preview":"max-image-preview:large","max-video-preview":"max-video-preview:-1"},"canonical":"https:\/\/lamm-harburg.de\/en\/impressum\/","og_locale":"en_GB","og_type":"article","og_title":"Impressum - Zum Goldenen Lamm","og_description":"Angaben gem\u00e4\u00df \u00a7 5 TMG Jutta Schr\u00f6ppel Marktplatz 15 86655 Harburg (Schwaben) Genossenschaftsregister: [Nummer des Registereintrags] Registergericht: Amtsgericht N\u00f6rdlingen Kontakt Telefon: 09080 1422 Telefax: 09080 921666 E-Mail: info@lamm-harburg.de Umsatzsteuer-ID Umsatzsteuer-Identifikationsnummer gem\u00e4\u00df \u00a727 a Umsatzsteuergesetz: 111\/271\/20597 Verantwortlich f\u00fcr den Inhalt nach \u00a7 55 Abs. 2 RStV Jutta Schr\u00f6ppel Marktplatz 15 86655 Harburg Wir sind nicht bereit [&hellip;]","og_url":"https:\/\/lamm-harburg.de\/en\/impressum\/","og_site_name":"Zum Goldenen Lamm","article_modified_time":"2023-08-15T08:25:15+00:00","twitter_card":"summary_large_image","twitter_misc":{"Estimated reading time":"2 minutes"},"schema":{"@context":"https:\/\/schema.org","@graph":[{"@type":"Organization","@id":"https:\/\/lamm-harburg.de\/en\/#organization","name":"Hotel Gasthof zum Goldenen Lamm","url":"https:\/\/lamm-harburg.de\/en\/","sameAs":[],"logo":{"@type":"ImageObject","@id":"https:\/\/lamm-harburg.de\/en\/#logo","inLanguage":"en-GB","url":"http:\/\/lamm-harburg.de\/wp-content\/uploads\/2019\/08\/Lamm-e1573944043302.png","contentUrl":"http:\/\/lamm-harburg.de\/wp-content\/uploads\/2019\/08\/Lamm-e1573944043302.png","width":300,"height":119,"caption":"Hotel Gasthof zum Goldenen Lamm"},"image":{"@id":"https:\/\/lamm-harburg.de\/en\/#logo"}},{"@type":"WebSite","@id":"https:\/\/lamm-harburg.de\/en\/#website","url":"https:\/\/lamm-harburg.de\/en\/","name":"Zum Goldenen Lamm","description":"","publisher":{"@id":"https:\/\/lamm-harburg.de\/en\/#organization"},"potentialAction":[{"@type":"SearchAction","target":{"@type":"EntryPoint","urlTemplate":"https:\/\/lamm-harburg.de\/en\/?s={search_term_string}"},"query-input":"required name=search_term_string"}],"inLanguage":"en-GB"},{"@type":"WebPage","@id":"https:\/\/lamm-harburg.de\/en\/impressum\/#webpage","url":"https:\/\/lamm-harburg.de\/en\/impressum\/","name":"Impressum - Zum Goldenen Lamm","isPartOf":{"@id":"https:\/\/lamm-harburg.de\/en\/#website"},"datePublished":"2019-09-17T18:22:15+00:00","dateModified":"2023-08-15T08:25:15+00:00","breadcrumb":{"@id":"https:\/\/lamm-harburg.de\/en\/impressum\/#breadcrumb"},"inLanguage":"en-GB","potentialAction":[{"@type":"ReadAction","target":["https:\/\/lamm-harburg.de\/en\/impressum\/"]}]},{"@type":"BreadcrumbList","@id":"https:\/\/lamm-harburg.de\/en\/impressum\/#breadcrumb","itemListElement":[{"@type":"ListItem","position":1,"name":"Startseite","item":"https:\/\/lamm-harburg.de\/en\/"},{"@type":"ListItem","position":2,"name":"Impressum"}]}]}},"_links":{"self":[{"href":"https:\/\/lamm-harburg.de\/en\/wp-json\/wp\/v2\/pages\/860"}],"collection":[{"href":"https:\/\/lamm-harburg.de\/en\/wp-json\/wp\/v2\/pages"}],"about":[{"href":"https:\/\/lamm-harburg.de\/en\/wp-json\/wp\/v2\/types\/page"}],"author":[{"embeddable":true,"href":"https:\/\/lamm-harburg.de\/en\/wp-json\/wp\/v2\/users\/1"}],"replies":[{"embeddable":true,"href":"https:\/\/lamm-harburg.de\/en\/wp-json\/wp\/v2\/comments?post=860"}],"version-history":[{"count":5,"href":"https:\/\/lamm-harburg.de\/en\/wp-json\/wp\/v2\/pages\/860\/revisions"}],"predecessor-version":[{"id":1426,"href":"https:\/\/lamm-harburg.de\/en\/wp-json\/wp\/v2\/pages\/860\/revisions\/1426"}],"wp:attachment":[{"href":"https:\/\/lamm-harburg.de\/en\/wp-json\/wp\/v2\/media?parent=860"}],"curies":[{"name":"wp","href":"https:\/\/api.w.org\/{rel}","templated":true}]}}